{"id":121,"date":"2015-12-13T21:15:01","date_gmt":"2015-12-13T21:15:01","guid":{"rendered":"http:\/\/www.casakoudekerke.nl\/?page_id=121"},"modified":"2025-01-11T13:19:45","modified_gmt":"2025-01-11T13:19:45","slug":"gastenverblijven","status":"publish","type":"page","link":"https:\/\/www.casakoudekerke.nl\/de\/gastenverblijven\/","title":{"rendered":"Unterkunften und Jacuzzi"},"content":{"rendered":"<p>Das Bed &amp; Breakfast Casa Koudekerke verf\u00fcgt \u00fcber zwei attraktive G\u00e4stezimmer, die sich beide im Obergeschoss des Hauses befinden: das Kuba Zimmer und das Zeeland Zimmer. Zwei oder drei Personen k\u00f6nnen im Kuba Zimmer \u00fcbernachten.\u00a0Das Zeeland Zimmer (der aus zwei R\u00e4umen besteht) ist f\u00fcr zwei bis vier Personen geeignet. Die Zimmer teilen sich die Dusche und das WC, die sich auf dem Flur auf derselben Etage befinden.<\/p>\n<p>Im Erdgeschoss finden Sie einen kleinen, gem\u00fctlichen Raum f\u00fcr G\u00e4ste. Wir servieren hier morgens ein Fr\u00fchst\u00fcck, aber Sie k\u00f6nnen den Raum auch nutzen, um ein Spiel zu spielen oder abends ein Buch zu lesen. Wir haben eine gro\u00dfe Sammlung von DVDs, Handelsb\u00fcchern und Spielen. Sie k\u00f6nnen Ihr eigenes Essen in den K\u00fchlschrank hinstellen.<\/p>\n<p>Im Garten unseres Hauses gibt es auch ein gem\u00fctliches Ferienhaus mit eigenem Bad, K\u00fcche, Sitzecke, Schrankbett und Dachboden. Sie k\u00f6nnen hier mit maximal zwei Erwachsenen und zwei Kindern \u00fcbernachten, da sich im Boxbett und im Obergeschoss ein Doppelbett befindet.<\/p>\n<p>Seit Anfang 2019 haben wir neben dem Ferienhaus einen holzbeheizten Whirlpool. In einem Whirlpool k\u00f6nnen Sie bei allen Wetterbedingungen im Sommer oder Winter entspannen. Es ist wunderbar, sich nach einer sportlichen Anstrengung oder einer anstrengenden Arbeitswoche zu entspannen. Sinken Sie in das warme Wasser, genie\u00dfen Sie die frische Au\u00dfenluft und erleben Sie eine Welt der totalen Entspannung!<\/p>\n<figure id=\"attachment_211\" aria-describedby=\"caption-attachment-211\" style=\"width: 300px\" class=\"wp-caption alignleft\"><a href=\"http:\/\/www.casakoudekerke.nl\/wp-content\/uploads\/2016\/03\/IMG_8113.jpg\" rel=\"lightbox[121]\"><img loading=\"lazy\" decoding=\"async\" class=\"wp-image-211 size-medium\" src=\"http:\/\/www.casakoudekerke.nl\/wp-content\/uploads\/2016\/03\/IMG_8113-300x225.jpg\" alt=\"\" width=\"300\" height=\"225\" \/><\/a><figcaption id=\"caption-attachment-211\" class=\"wp-caption-text\"><a href=\"http:\/\/www.casakoudekerke.nl\/en\/kamers\/\">The Zeeland Room<\/a><\/figcaption><\/figure>\n<figure id=\"attachment_21\" aria-describedby=\"caption-attachment-21\" style=\"width: 225px\" class=\"wp-caption alignleft\"><a href=\"http:\/\/www.casakoudekerke.nl\/wp-content\/uploads\/2015\/11\/IMG_3743-e1450009345162.jpg\" rel=\"lightbox[121]\"><img loading=\"lazy\" decoding=\"async\" class=\"size-medium wp-image-21\" src=\"http:\/\/www.casakoudekerke.nl\/wp-content\/uploads\/2015\/11\/IMG_3743-225x300.jpg\" alt=\"Het charmante tweepersoonsbed in de Cuba-kamer.\" width=\"225\" height=\"300\" \/><\/a><figcaption id=\"caption-attachment-21\" class=\"wp-caption-text\"><a href=\"http:\/\/www.casakoudekerke.nl\/en\/cubakamer\/\">The Cuba Room<\/a><\/figcaption><\/figure>\n<figure id=\"attachment_267\" aria-describedby=\"caption-attachment-267\" style=\"width: 300px\" class=\"wp-caption alignleft\"><a href=\"http:\/\/www.casakoudekerke.nl\/wp-content\/uploads\/2016\/08\/IMG_8995-e1472130269994.jpg\" rel=\"lightbox[121]\"><img loading=\"lazy\" decoding=\"async\" class=\"size-medium wp-image-267\" src=\"http:\/\/www.casakoudekerke.nl\/wp-content\/uploads\/2016\/08\/IMG_8995-300x225.jpg\" alt=\"Bed &amp; Breakfast Casa Koudekerke\" width=\"300\" height=\"225\" \/><\/a><figcaption id=\"caption-attachment-267\" class=\"wp-caption-text\"><a href=\"http:\/\/www.casakoudekerke.nl\/vakantiehuis\/\">The holiday house<\/a><\/figcaption><\/figure>\n<p><\/p>","protected":false},"excerpt":{"rendered":"<p>Das Bed &amp; Breakfast Casa Koudekerke verf\u00fcgt \u00fcber zwei attraktive G\u00e4stezimmer, die sich beide im Obergeschoss des Hauses befinden: das Kuba Zimmer und das Zeeland Zimmer. Zwei oder drei Personen k\u00f6nnen im Kuba Zimmer \u00fcbernachten.\u00a0Das Zeeland Zimmer (der aus zwei<\/p>\n","protected":false},"author":1,"featured_media":0,"parent":0,"menu_order":0,"comment_status":"closed","ping_status":"closed","template":"","meta":{"footnotes":""},"class_list":["post-121","page","type-page","status-publish","hentry"],"_links":{"self":[{"href":"https:\/\/www.casakoudekerke.nl\/de\/wp-json\/wp\/v2\/pages\/121","targetHints":{"allow":["GET"]}}],"collection":[{"href":"https:\/\/www.casakoudekerke.nl\/de\/wp-json\/wp\/v2\/pages"}],"about":[{"href":"https:\/\/www.casakoudekerke.nl\/de\/wp-json\/wp\/v2\/types\/page"}],"author":[{"embeddable":true,"href":"https:\/\/www.casakoudekerke.nl\/de\/wp-json\/wp\/v2\/users\/1"}],"replies":[{"embeddable":true,"href":"https:\/\/www.casakoudekerke.nl\/de\/wp-json\/wp\/v2\/comments?post=121"}],"version-history":[{"count":44,"href":"https:\/\/www.casakoudekerke.nl\/de\/wp-json\/wp\/v2\/pages\/121\/revisions"}],"predecessor-version":[{"id":776,"href":"https:\/\/www.casakoudekerke.nl\/de\/wp-json\/wp\/v2\/pages\/121\/revisions\/776"}],"wp:attachment":[{"href":"https:\/\/www.casakoudekerke.nl\/de\/wp-json\/wp\/v2\/media?parent=121"}],"curies":[{"name":"wp","href":"https:\/\/api.w.org\/{rel}","templated":true}]}}