{"id":146,"date":"2015-12-13T22:09:34","date_gmt":"2015-12-13T22:09:34","guid":{"rendered":"http:\/\/www.casakoudekerke.nl\/?page_id=146"},"modified":"2021-11-04T13:07:53","modified_gmt":"2021-11-04T13:07:53","slug":"reserveren","status":"publish","type":"page","link":"https:\/\/www.casakoudekerke.nl\/de\/reserveren\/","title":{"rendered":"Reservieren"},"content":{"rendered":"<p>M\u00f6chten Sie in Bed &amp; Breakfast Casa Koudekerke \u00fcbernachten? Bitte f\u00fcllen Sie das Reservierungsformular.\u00a0Wir antworten Ihnen so bald wie m\u00f6glich. Bitte beachten Sie, daB Ihre Reservierung erst abgeschlossen ist, wenn wir Ihnen eine Best\u00e4tigung geschickt haben. Wenn Sie Probleme haben mit dem Ausf\u00fcllen des Formulars, bitte schicken Sie eine E-mail an info@casakoudekerke.nl.<\/p>\n<p>Wenn Sie eine Reservierung vornehmen, stimmen Sie den Stornierungsbedingungen von Recron zu: <a href=\"file:\/\/\/C:\/Users\/corne\/Downloads\/949%20-%20RECRON%20Voorwaarden%20Vakantieverblijven%20(groen)%20-Duits.pdf\">949 &#8211; RECRON Voorwaarden Vakantieverblijven (groen) -Duits.pdf<\/a><\/p>\n<pre id=\"tw-target-text\" class=\"tw-data-text vk_txt tw-ta tw-text-small\" dir=\"ltr\" data-placeholder=\"Vertaling\" data-fulltext=\"\"><div role=\"form\" class=\"wpcf7\" id=\"wpcf7-f159-o3\" lang=\"nl-NL\" dir=\"ltr\">\n<div class=\"screen-reader-response\"><\/div>\n<form action=\"\/de\/wp-json\/wp\/v2\/pages\/146#wpcf7-f159-o3\" method=\"post\" class=\"wpcf7-form\" novalidate=\"novalidate\">\n<div style=\"display: none;\">\n<input type=\"hidden\" name=\"_wpcf7\" value=\"159\" \/>\n<input type=\"hidden\" name=\"_wpcf7_version\" value=\"4.3.1\" \/>\n<input type=\"hidden\" name=\"_wpcf7_locale\" value=\"nl_NL\" \/>\n<input type=\"hidden\" name=\"_wpcf7_unit_tag\" value=\"wpcf7-f159-o3\" \/>\n<input type=\"hidden\" name=\"_wpnonce\" value=\"f6f6a1afc3\" \/>\n<\/div>\n<p>Ihr Name<br \/>\n    <span class=\"wpcf7-form-control-wrap your-name\"><input type=\"text\" name=\"your-name\" value=\"\" size=\"40\" class=\"wpcf7-form-control wpcf7-text wpcf7-validates-as-required\" aria-required=\"true\" aria-invalid=\"false\" \/><\/span> <\/p>\n<p>Ihr e-mail<br \/>\n    <span class=\"wpcf7-form-control-wrap your-email\"><input type=\"email\" name=\"your-email\" value=\"\" size=\"40\" class=\"wpcf7-form-control wpcf7-text wpcf7-email wpcf7-validates-as-required wpcf7-validates-as-email\" aria-required=\"true\" aria-invalid=\"false\" \/><\/span> <\/p>\n<p>Zimmer<br \/>\n<span class=\"wpcf7-form-control-wrap Kamer\"><select name=\"Kamer\" class=\"wpcf7-form-control wpcf7-select wpcf7-validates-as-required\" aria-required=\"true\" aria-invalid=\"false\"><option value=\"Kuba Zimmer\">Kuba Zimmer<\/option><option value=\"Zeeland Zimmer\">Zeeland Zimmer<\/option><option value=\"Ferienhaus\">Ferienhaus<\/option><\/select><\/span><\/p>\n<p>Personenzahl<br \/>\n<span class=\"wpcf7-form-control-wrap Aantalpersonen\"><select name=\"Aantalpersonen\" class=\"wpcf7-form-control wpcf7-select wpcf7-validates-as-required\" aria-required=\"true\" aria-invalid=\"false\"><option value=\"1\">1<\/option><option value=\"2\">2<\/option><option value=\"3\">3<\/option><option value=\"4\">4<\/option><\/select><\/span><\/p>\n<p>Ankunft (Datum)<br \/>\n<span class=\"wpcf7-form-control-wrap text-706\"><input type=\"text\" name=\"text-706\" value=\"\" size=\"40\" class=\"wpcf7-form-control wpcf7-text wpcf7-validates-as-required\" aria-required=\"true\" aria-invalid=\"false\" \/><\/span><br \/>\nN\u00e4chte<br \/>\n<span class=\"wpcf7-form-control-wrap Aantalnachten\"><select name=\"Aantalnachten\" class=\"wpcf7-form-control wpcf7-select wpcf7-validates-as-required\" aria-required=\"true\" aria-invalid=\"false\"><option value=\"1\">1<\/option><option value=\"2\">2<\/option><option value=\"3\">3<\/option><option value=\"4\">4<\/option><option value=\"5\">5<\/option><option value=\"6\">6<\/option><option value=\"7\">7<\/option><\/select><\/span><\/p>\n<p>Ihr Nachricht<br \/>\n    <span class=\"wpcf7-form-control-wrap your-message\"><textarea name=\"your-message\" cols=\"40\" rows=\"10\" class=\"wpcf7-form-control wpcf7-textarea\" aria-invalid=\"false\"><\/textarea><\/span> <\/p>\n<p><input type=\"submit\" value=\"Senden\" class=\"wpcf7-form-control wpcf7-submit\" \/><\/p>\n<div class=\"wpcf7-response-output wpcf7-display-none\"><\/div><\/form><\/div><\/pre>\n<p><\/p>","protected":false},"excerpt":{"rendered":"<p>M\u00f6chten Sie in Bed &amp; Breakfast Casa Koudekerke \u00fcbernachten? Bitte f\u00fcllen Sie das Reservierungsformular.\u00a0Wir antworten Ihnen so bald wie m\u00f6glich. Bitte beachten Sie, daB Ihre Reservierung erst abgeschlossen ist, wenn wir Ihnen eine Best\u00e4tigung geschickt haben. Wenn Sie Probleme haben<\/p>\n","protected":false},"author":1,"featured_media":0,"parent":0,"menu_order":0,"comment_status":"closed","ping_status":"closed","template":"","meta":{"footnotes":""},"class_list":["post-146","page","type-page","status-publish","hentry"],"_links":{"self":[{"href":"https:\/\/www.casakoudekerke.nl\/de\/wp-json\/wp\/v2\/pages\/146","targetHints":{"allow":["GET"]}}],"collection":[{"href":"https:\/\/www.casakoudekerke.nl\/de\/wp-json\/wp\/v2\/pages"}],"about":[{"href":"https:\/\/www.casakoudekerke.nl\/de\/wp-json\/wp\/v2\/types\/page"}],"author":[{"embeddable":true,"href":"https:\/\/www.casakoudekerke.nl\/de\/wp-json\/wp\/v2\/users\/1"}],"replies":[{"embeddable":true,"href":"https:\/\/www.casakoudekerke.nl\/de\/wp-json\/wp\/v2\/comments?post=146"}],"version-history":[{"count":21,"href":"https:\/\/www.casakoudekerke.nl\/de\/wp-json\/wp\/v2\/pages\/146\/revisions"}],"predecessor-version":[{"id":685,"href":"https:\/\/www.casakoudekerke.nl\/de\/wp-json\/wp\/v2\/pages\/146\/revisions\/685"}],"wp:attachment":[{"href":"https:\/\/www.casakoudekerke.nl\/de\/wp-json\/wp\/v2\/media?parent=146"}],"curies":[{"name":"wp","href":"https:\/\/api.w.org\/{rel}","templated":true}]}}