{"id":240,"date":"2016-08-25T12:04:41","date_gmt":"2016-08-25T12:04:41","guid":{"rendered":"http:\/\/www.casakoudekerke.nl\/?page_id=240"},"modified":"2019-01-30T21:07:30","modified_gmt":"2019-01-30T21:07:30","slug":"vakantiehuis","status":"publish","type":"page","link":"https:\/\/www.casakoudekerke.nl\/de\/vakantiehuis\/","title":{"rendered":"Ferienhaus"},"content":{"rendered":"<p>Das Ferienhaus in dem Garten von bed &amp; breakfast Casa Koudekerke ist eine gem\u00fctliche Unterkunft f\u00fcr G\u00e4ste, die Privatsph\u00e4re und Ruhe suchen. Das Cottage\u00a0verf\u00fcgt \u00fcber ein eigene Badezimmer mit Dusche und WC, K\u00fcche, kleine Sitzecke, eine eigene Terrasse und einem Box Bett (1,40 m breit). Es\u00a0gibt auch\u00a0ein Loft mit einem Doppelbett (1,40 meter breit). Sie k\u00f6nnen das Loft mit eine Treppe erreichen.\u00a0Der Innenraum ist fast komplett mit Holz eingerichtet und mit\u00a0Skandinavische Note. Das Ferienhaus ist f\u00fcr zwei Erwachsenen und ein oder zwei Kindern geeignet.<\/p>\n<div id='gallery-3' class='gallery galleryid-240 gallery-columns-3 gallery-size-medium'><figure class='gallery-item'>\n\t\t\t<div class='gallery-icon landscape'>\n\t\t\t\t<a href='https:\/\/www.casakoudekerke.nl\/wp-content\/uploads\/2016\/08\/IMG_8995-e1472130269994.jpg' rel=\"lightbox[240]\"><img loading=\"lazy\" decoding=\"async\" width=\"300\" height=\"225\" src=\"https:\/\/www.casakoudekerke.nl\/wp-content\/uploads\/2016\/08\/IMG_8995-300x225.jpg\" class=\"attachment-medium size-medium\" alt=\"Bed &amp; Breakfast Casa Koudekerke\" aria-describedby=\"gallery-3-267\" srcset=\"https:\/\/www.casakoudekerke.nl\/wp-content\/uploads\/2016\/08\/IMG_8995-300x225.jpg 300w, https:\/\/www.casakoudekerke.nl\/wp-content\/uploads\/2016\/08\/IMG_8995-1024x768.jpg 1024w, https:\/\/www.casakoudekerke.nl\/wp-content\/uploads\/2016\/08\/IMG_8995-e1472130269994.jpg 1067w\" sizes=\"auto, (max-width: 300px) 100vw, 300px\" \/><\/a>\n\t\t\t<\/div>\n\t\t\t\t<figcaption class='wp-caption-text gallery-caption' id='gallery-3-267'>\n\t\t\t\tThe entrance\n\t\t\t\t<\/figcaption><\/figure><figure class='gallery-item'>\n\t\t\t<div class='gallery-icon landscape'>\n\t\t\t\t<a href='https:\/\/www.casakoudekerke.nl\/wp-content\/uploads\/2016\/08\/IMG_3923-e1518382172829.jpg' rel=\"lightbox[240]\"><img loading=\"lazy\" decoding=\"async\" width=\"300\" height=\"225\" src=\"https:\/\/www.casakoudekerke.nl\/wp-content\/uploads\/2016\/08\/IMG_3923-300x225.jpg\" class=\"attachment-medium size-medium\" alt=\"Bed &amp; Breakfast Casa Koudekerke Zeeland\" aria-describedby=\"gallery-3-390\" srcset=\"https:\/\/www.casakoudekerke.nl\/wp-content\/uploads\/2016\/08\/IMG_3923-300x225.jpg 300w, https:\/\/www.casakoudekerke.nl\/wp-content\/uploads\/2016\/08\/IMG_3923-1024x768.jpg 1024w, https:\/\/www.casakoudekerke.nl\/wp-content\/uploads\/2016\/08\/IMG_3923-e1518382172829.jpg 800w\" sizes=\"auto, (max-width: 300px) 100vw, 300px\" \/><\/a>\n\t\t\t<\/div>\n\t\t\t\t<figcaption class='wp-caption-text gallery-caption' id='gallery-3-390'>\n\t\t\t\tThe sitting area\n\t\t\t\t<\/figcaption><\/figure><figure class='gallery-item'>\n\t\t\t<div class='gallery-icon portrait'>\n\t\t\t\t<a href='https:\/\/www.casakoudekerke.nl\/wp-content\/uploads\/2016\/08\/IMG_3930-e1518382158630.jpg' rel=\"lightbox[240]\"><img loading=\"lazy\" decoding=\"async\" width=\"225\" height=\"300\" src=\"https:\/\/www.casakoudekerke.nl\/wp-content\/uploads\/2016\/08\/IMG_3930-225x300.jpg\" class=\"attachment-medium size-medium\" alt=\"Bed &amp; Breakfast Casa Koudekerke Zeeland\" aria-describedby=\"gallery-3-392\" srcset=\"https:\/\/www.casakoudekerke.nl\/wp-content\/uploads\/2016\/08\/IMG_3930-225x300.jpg 225w, https:\/\/www.casakoudekerke.nl\/wp-content\/uploads\/2016\/08\/IMG_3930-768x1024.jpg 768w, https:\/\/www.casakoudekerke.nl\/wp-content\/uploads\/2016\/08\/IMG_3930-e1518382158630.jpg 600w\" sizes=\"auto, (max-width: 225px) 100vw, 225px\" \/><\/a>\n\t\t\t<\/div>\n\t\t\t\t<figcaption class='wp-caption-text gallery-caption' id='gallery-3-392'>\n\t\t\t\tThe sitting area\n\t\t\t\t<\/figcaption><\/figure><figure class='gallery-item'>\n\t\t\t<div class='gallery-icon portrait'>\n\t\t\t\t<a href='https:\/\/www.casakoudekerke.nl\/wp-content\/uploads\/2016\/08\/IMG_8999-e1472130440317.jpg' rel=\"lightbox[240]\"><img loading=\"lazy\" decoding=\"async\" width=\"225\" height=\"300\" src=\"https:\/\/www.casakoudekerke.nl\/wp-content\/uploads\/2016\/08\/IMG_8999-225x300.jpg\" class=\"attachment-medium size-medium\" alt=\"Bed &amp; Breakfast Casa Koudekerke Zeeland\" aria-describedby=\"gallery-3-271\" srcset=\"https:\/\/www.casakoudekerke.nl\/wp-content\/uploads\/2016\/08\/IMG_8999-225x300.jpg 225w, https:\/\/www.casakoudekerke.nl\/wp-content\/uploads\/2016\/08\/IMG_8999-768x1024.jpg 768w, https:\/\/www.casakoudekerke.nl\/wp-content\/uploads\/2016\/08\/IMG_8999-e1472130440317.jpg 600w\" sizes=\"auto, (max-width: 225px) 100vw, 225px\" \/><\/a>\n\t\t\t<\/div>\n\t\t\t\t<figcaption class='wp-caption-text gallery-caption' id='gallery-3-271'>\n\t\t\t\tThe dinner table \n\t\t\t\t<\/figcaption><\/figure><figure class='gallery-item'>\n\t\t\t<div class='gallery-icon portrait'>\n\t\t\t\t<a href='https:\/\/www.casakoudekerke.nl\/wp-content\/uploads\/2016\/08\/IMG_3929-e1518382023368.jpg' rel=\"lightbox[240]\"><img loading=\"lazy\" decoding=\"async\" width=\"225\" height=\"300\" src=\"https:\/\/www.casakoudekerke.nl\/wp-content\/uploads\/2016\/08\/IMG_3929-225x300.jpg\" class=\"attachment-medium size-medium\" alt=\"Bed &amp; Breakfast Casa Koudekerke Zeeland\" aria-describedby=\"gallery-3-391\" srcset=\"https:\/\/www.casakoudekerke.nl\/wp-content\/uploads\/2016\/08\/IMG_3929-225x300.jpg 225w, https:\/\/www.casakoudekerke.nl\/wp-content\/uploads\/2016\/08\/IMG_3929-768x1024.jpg 768w, https:\/\/www.casakoudekerke.nl\/wp-content\/uploads\/2016\/08\/IMG_3929-e1518382023368.jpg 600w\" sizes=\"auto, (max-width: 225px) 100vw, 225px\" \/><\/a>\n\t\t\t<\/div>\n\t\t\t\t<figcaption class='wp-caption-text gallery-caption' id='gallery-3-391'>\n\t\t\t\tThe kitchen\n\t\t\t\t<\/figcaption><\/figure><figure class='gallery-item'>\n\t\t\t<div class='gallery-icon portrait'>\n\t\t\t\t<a href='https:\/\/www.casakoudekerke.nl\/wp-content\/uploads\/2016\/08\/IMG_8977-e1472130499374.jpg' rel=\"lightbox[240]\"><img loading=\"lazy\" decoding=\"async\" width=\"225\" height=\"300\" src=\"https:\/\/www.casakoudekerke.nl\/wp-content\/uploads\/2016\/08\/IMG_8977-225x300.jpg\" class=\"attachment-medium size-medium\" alt=\"Bed &amp; Breakfast Casa Koudekerke\" aria-describedby=\"gallery-3-250\" srcset=\"https:\/\/www.casakoudekerke.nl\/wp-content\/uploads\/2016\/08\/IMG_8977-225x300.jpg 225w, https:\/\/www.casakoudekerke.nl\/wp-content\/uploads\/2016\/08\/IMG_8977-768x1024.jpg 768w, https:\/\/www.casakoudekerke.nl\/wp-content\/uploads\/2016\/08\/IMG_8977-e1472130499374.jpg 600w\" sizes=\"auto, (max-width: 225px) 100vw, 225px\" \/><\/a>\n\t\t\t<\/div>\n\t\t\t\t<figcaption class='wp-caption-text gallery-caption' id='gallery-3-250'>\n\t\t\t\tThe &#8218;cupboardbed&#8216;\n\t\t\t\t<\/figcaption><\/figure><figure class='gallery-item'>\n\t\t\t<div class='gallery-icon portrait'>\n\t\t\t\t<a href='https:\/\/www.casakoudekerke.nl\/wp-content\/uploads\/2016\/08\/IMG_9006-e1472130431200.jpg' rel=\"lightbox[240]\"><img loading=\"lazy\" decoding=\"async\" width=\"225\" height=\"300\" src=\"https:\/\/www.casakoudekerke.nl\/wp-content\/uploads\/2016\/08\/IMG_9006-225x300.jpg\" class=\"attachment-medium size-medium\" alt=\"Bed &amp; Breakfast Casa Koudekerke Zeeland\" aria-describedby=\"gallery-3-272\" srcset=\"https:\/\/www.casakoudekerke.nl\/wp-content\/uploads\/2016\/08\/IMG_9006-225x300.jpg 225w, https:\/\/www.casakoudekerke.nl\/wp-content\/uploads\/2016\/08\/IMG_9006-768x1024.jpg 768w, https:\/\/www.casakoudekerke.nl\/wp-content\/uploads\/2016\/08\/IMG_9006-e1472130431200.jpg 600w\" sizes=\"auto, (max-width: 225px) 100vw, 225px\" \/><\/a>\n\t\t\t<\/div>\n\t\t\t\t<figcaption class='wp-caption-text gallery-caption' id='gallery-3-272'>\n\t\t\t\tBathroom with shower and toilet\n\t\t\t\t<\/figcaption><\/figure><figure class='gallery-item'>\n\t\t\t<div class='gallery-icon portrait'>\n\t\t\t\t<a href='https:\/\/www.casakoudekerke.nl\/wp-content\/uploads\/2016\/08\/IMG_8983-e1472130488709.jpg' rel=\"lightbox[240]\"><img loading=\"lazy\" decoding=\"async\" width=\"225\" height=\"300\" src=\"https:\/\/www.casakoudekerke.nl\/wp-content\/uploads\/2016\/08\/IMG_8983-225x300.jpg\" class=\"attachment-medium size-medium\" alt=\"Bed &amp; Breakfast Casa Koudekerke\" aria-describedby=\"gallery-3-256\" srcset=\"https:\/\/www.casakoudekerke.nl\/wp-content\/uploads\/2016\/08\/IMG_8983-225x300.jpg 225w, https:\/\/www.casakoudekerke.nl\/wp-content\/uploads\/2016\/08\/IMG_8983-768x1024.jpg 768w, https:\/\/www.casakoudekerke.nl\/wp-content\/uploads\/2016\/08\/IMG_8983-e1472130488709.jpg 600w\" sizes=\"auto, (max-width: 225px) 100vw, 225px\" \/><\/a>\n\t\t\t<\/div>\n\t\t\t\t<figcaption class='wp-caption-text gallery-caption' id='gallery-3-256'>\n\t\t\t\tThe wooden sink in the bathroom\n\t\t\t\t<\/figcaption><\/figure><figure class='gallery-item'>\n\t\t\t<div class='gallery-icon portrait'>\n\t\t\t\t<a href='https:\/\/www.casakoudekerke.nl\/wp-content\/uploads\/2016\/08\/IMG_3933-e1518382123402.jpg' rel=\"lightbox[240]\"><img loading=\"lazy\" decoding=\"async\" width=\"225\" height=\"300\" src=\"https:\/\/www.casakoudekerke.nl\/wp-content\/uploads\/2016\/08\/IMG_3933-225x300.jpg\" class=\"attachment-medium size-medium\" alt=\"Bed &amp; Breakfast Casa Koudekerke Zeeland\" aria-describedby=\"gallery-3-394\" srcset=\"https:\/\/www.casakoudekerke.nl\/wp-content\/uploads\/2016\/08\/IMG_3933-225x300.jpg 225w, https:\/\/www.casakoudekerke.nl\/wp-content\/uploads\/2016\/08\/IMG_3933-768x1024.jpg 768w, https:\/\/www.casakoudekerke.nl\/wp-content\/uploads\/2016\/08\/IMG_3933-e1518382123402.jpg 600w\" sizes=\"auto, (max-width: 225px) 100vw, 225px\" \/><\/a>\n\t\t\t<\/div>\n\t\t\t\t<figcaption class='wp-caption-text gallery-caption' id='gallery-3-394'>\n\t\t\t\tThe stairs to the loft\n\t\t\t\t<\/figcaption><\/figure><figure class='gallery-item'>\n\t\t\t<div class='gallery-icon portrait'>\n\t\t\t\t<a href='https:\/\/www.casakoudekerke.nl\/wp-content\/uploads\/2016\/08\/IMG_3932-e1518382138658.jpg' rel=\"lightbox[240]\"><img loading=\"lazy\" decoding=\"async\" width=\"225\" height=\"300\" src=\"https:\/\/www.casakoudekerke.nl\/wp-content\/uploads\/2016\/08\/IMG_3932-225x300.jpg\" class=\"attachment-medium size-medium\" alt=\"Bed &amp; Breakfast Casa Koudekerke Zeeland\" aria-describedby=\"gallery-3-393\" srcset=\"https:\/\/www.casakoudekerke.nl\/wp-content\/uploads\/2016\/08\/IMG_3932-225x300.jpg 225w, https:\/\/www.casakoudekerke.nl\/wp-content\/uploads\/2016\/08\/IMG_3932-768x1024.jpg 768w, https:\/\/www.casakoudekerke.nl\/wp-content\/uploads\/2016\/08\/IMG_3932-e1518382138658.jpg 600w\" sizes=\"auto, (max-width: 225px) 100vw, 225px\" \/><\/a>\n\t\t\t<\/div>\n\t\t\t\t<figcaption class='wp-caption-text gallery-caption' id='gallery-3-393'>\n\t\t\t\tThe stairs to the loft\n\t\t\t\t<\/figcaption><\/figure><figure class='gallery-item'>\n\t\t\t<div class='gallery-icon landscape'>\n\t\t\t\t<a href='https:\/\/www.casakoudekerke.nl\/wp-content\/uploads\/2016\/08\/IMG_0906-e1488115357331.jpg' rel=\"lightbox[240]\"><img loading=\"lazy\" decoding=\"async\" width=\"300\" height=\"225\" src=\"https:\/\/www.casakoudekerke.nl\/wp-content\/uploads\/2016\/08\/IMG_0906-300x225.jpg\" class=\"attachment-medium size-medium\" alt=\"Bed &amp; Breakfast Casa Koudekerke Zeeland\" aria-describedby=\"gallery-3-359\" srcset=\"https:\/\/www.casakoudekerke.nl\/wp-content\/uploads\/2016\/08\/IMG_0906-300x225.jpg 300w, https:\/\/www.casakoudekerke.nl\/wp-content\/uploads\/2016\/08\/IMG_0906-1024x768.jpg 1024w, https:\/\/www.casakoudekerke.nl\/wp-content\/uploads\/2016\/08\/IMG_0906-e1488115357331.jpg 1067w\" sizes=\"auto, (max-width: 300px) 100vw, 300px\" \/><\/a>\n\t\t\t<\/div>\n\t\t\t\t<figcaption class='wp-caption-text gallery-caption' id='gallery-3-359'>\n\t\t\t\tThe loft\n\t\t\t\t<\/figcaption><\/figure><figure class='gallery-item'>\n\t\t\t<div class='gallery-icon portrait'>\n\t\t\t\t<a href='https:\/\/www.casakoudekerke.nl\/wp-content\/uploads\/2016\/08\/IMG_3945-e1518382079866.jpg' rel=\"lightbox[240]\"><img loading=\"lazy\" decoding=\"async\" width=\"225\" height=\"300\" src=\"https:\/\/www.casakoudekerke.nl\/wp-content\/uploads\/2016\/08\/IMG_3945-225x300.jpg\" class=\"attachment-medium size-medium\" alt=\"Bed &amp; Breakfast Casa Koudekerke Zeeland\" aria-describedby=\"gallery-3-397\" srcset=\"https:\/\/www.casakoudekerke.nl\/wp-content\/uploads\/2016\/08\/IMG_3945-225x300.jpg 225w, https:\/\/www.casakoudekerke.nl\/wp-content\/uploads\/2016\/08\/IMG_3945-768x1024.jpg 768w, https:\/\/www.casakoudekerke.nl\/wp-content\/uploads\/2016\/08\/IMG_3945-e1518382079866.jpg 600w\" sizes=\"auto, (max-width: 225px) 100vw, 225px\" \/><\/a>\n\t\t\t<\/div>\n\t\t\t\t<figcaption class='wp-caption-text gallery-caption' id='gallery-3-397'>\n\t\t\t\tThe private terrace\n\t\t\t\t<\/figcaption><\/figure><figure class='gallery-item'>\n\t\t\t<div class='gallery-icon landscape'>\n\t\t\t\t<a href='https:\/\/www.casakoudekerke.nl\/wp-content\/uploads\/2016\/08\/IMG_3942-e1518382102956.jpg' rel=\"lightbox[240]\"><img loading=\"lazy\" decoding=\"async\" width=\"300\" height=\"225\" src=\"https:\/\/www.casakoudekerke.nl\/wp-content\/uploads\/2016\/08\/IMG_3942-300x225.jpg\" class=\"attachment-medium size-medium\" alt=\"Bed &amp; Breakfast Casa Koudekerke Zeeland\" aria-describedby=\"gallery-3-396\" srcset=\"https:\/\/www.casakoudekerke.nl\/wp-content\/uploads\/2016\/08\/IMG_3942-300x225.jpg 300w, https:\/\/www.casakoudekerke.nl\/wp-content\/uploads\/2016\/08\/IMG_3942-1024x768.jpg 1024w, https:\/\/www.casakoudekerke.nl\/wp-content\/uploads\/2016\/08\/IMG_3942-e1518382102956.jpg 800w\" sizes=\"auto, (max-width: 300px) 100vw, 300px\" \/><\/a>\n\t\t\t<\/div>\n\t\t\t\t<figcaption class='wp-caption-text gallery-caption' id='gallery-3-396'>\n\t\t\t\tThe private terrace\n\t\t\t\t<\/figcaption><\/figure><figure class='gallery-item'>\n\t\t\t<div class='gallery-icon landscape'>\n\t\t\t\t<a href='https:\/\/www.casakoudekerke.nl\/wp-content\/uploads\/2016\/08\/IMG_3935-e1518382049363.jpg' rel=\"lightbox[240]\"><img loading=\"lazy\" decoding=\"async\" width=\"300\" height=\"225\" src=\"https:\/\/www.casakoudekerke.nl\/wp-content\/uploads\/2016\/08\/IMG_3935-300x225.jpg\" class=\"attachment-medium size-medium\" alt=\"Bed &amp; Breakfast Casa Koudekerke Zeeland\" aria-describedby=\"gallery-3-395\" srcset=\"https:\/\/www.casakoudekerke.nl\/wp-content\/uploads\/2016\/08\/IMG_3935-300x225.jpg 300w, https:\/\/www.casakoudekerke.nl\/wp-content\/uploads\/2016\/08\/IMG_3935-1024x768.jpg 1024w, https:\/\/www.casakoudekerke.nl\/wp-content\/uploads\/2016\/08\/IMG_3935-e1518382049363.jpg 800w\" sizes=\"auto, (max-width: 300px) 100vw, 300px\" \/><\/a>\n\t\t\t<\/div>\n\t\t\t\t<figcaption class='wp-caption-text gallery-caption' id='gallery-3-395'>\n\t\t\t\tThe private terrace\n\t\t\t\t<\/figcaption><\/figure>\n\t\t<\/div>\n\n<p>&nbsp;<\/p>","protected":false},"excerpt":{"rendered":"<p>Das Ferienhaus in dem Garten von bed &amp; breakfast Casa Koudekerke ist eine gem\u00fctliche Unterkunft f\u00fcr G\u00e4ste, die Privatsph\u00e4re und Ruhe suchen. Das Cottage\u00a0verf\u00fcgt \u00fcber ein eigene Badezimmer mit Dusche und WC, K\u00fcche, kleine Sitzecke, eine eigene Terrasse und einem<\/p>\n","protected":false},"author":1,"featured_media":0,"parent":0,"menu_order":0,"comment_status":"closed","ping_status":"closed","template":"","meta":{"footnotes":""},"class_list":["post-240","page","type-page","status-publish","hentry"],"_links":{"self":[{"href":"https:\/\/www.casakoudekerke.nl\/de\/wp-json\/wp\/v2\/pages\/240","targetHints":{"allow":["GET"]}}],"collection":[{"href":"https:\/\/www.casakoudekerke.nl\/de\/wp-json\/wp\/v2\/pages"}],"about":[{"href":"https:\/\/www.casakoudekerke.nl\/de\/wp-json\/wp\/v2\/types\/page"}],"author":[{"embeddable":true,"href":"https:\/\/www.casakoudekerke.nl\/de\/wp-json\/wp\/v2\/users\/1"}],"replies":[{"embeddable":true,"href":"https:\/\/www.casakoudekerke.nl\/de\/wp-json\/wp\/v2\/comments?post=240"}],"version-history":[{"count":41,"href":"https:\/\/www.casakoudekerke.nl\/de\/wp-json\/wp\/v2\/pages\/240\/revisions"}],"predecessor-version":[{"id":424,"href":"https:\/\/www.casakoudekerke.nl\/de\/wp-json\/wp\/v2\/pages\/240\/revisions\/424"}],"wp:attachment":[{"href":"https:\/\/www.casakoudekerke.nl\/de\/wp-json\/wp\/v2\/media?parent=240"}],"curies":[{"name":"wp","href":"https:\/\/api.w.org\/{rel}","templated":true}]}}