{"id":299,"date":"2016-08-25T13:34:28","date_gmt":"2016-08-25T13:34:28","guid":{"rendered":"http:\/\/www.casakoudekerke.nl\/?page_id=299"},"modified":"2026-01-06T18:39:24","modified_gmt":"2026-01-06T18:39:24","slug":"prijzen-vakantiehuis","status":"publish","type":"page","link":"https:\/\/www.casakoudekerke.nl\/de\/prijzen-vakantiehuis\/","title":{"rendered":"Preise Ferienhaus"},"content":{"rendered":"<p>Diese Preise gelten f\u00fcr einen Aufenthalt in dem Ferienhaus von Bed &amp; Breakfast Casa Koudekerke.<\/p>\n<p>Diese gelten f\u00fcr eine Belegung mit 2 Personen. Das Ferienhaus bietet Platz f\u00fcr bis zu 2 Erwachsene und 2 Kinder. F\u00fcr eine dritte und vierte Person wird ein Zuschlag von \u20ac15 pro Nacht erhoben.<\/p>\n<p>Der Check-in ist ab 16 Uhr m\u00f6glich, erfolgt aber immer in Absprache. Manchmal ist es m\u00f6glich, fr\u00fcher einzuchecken (oder den Schl\u00fcssel abzuholen), aber es kann auch passieren, dass wir etwas sp\u00e4ter zu Hause sind. Auschecken bitte vor 10.30 Uhr.<\/p>\n<ul>\n<li><strong>Nebensaison: November (ab die Herbstferien) bis M\u00e4rz (au\u00dfer Fr\u00fchlings- und Weihnachtsferien):<\/strong><\/li>\n<\/ul>\n<p>Sonntag bis Donnerstag: \u20ac95 pro Nacht<\/p>\n<p>Freitag und Samstag: \u20ac100 pro Nacht<\/p>\n<ul>\n<li><strong>Zwischensaison: M\u00e4rz, April, Mai und Oktober (einschlie\u00dflich Fr\u00fchlings- und Weihnachtsferien)<\/strong><\/li>\n<\/ul>\n<p>Sonntag bis Donnerstag: \u20ac100 pro Nacht<\/p>\n<p>Freitag und Samstag: \u20ac105 pro Nacht<\/p>\n<p>In diese Periode ist das Mindestaufenthalt 2 oder 3 N\u00e4chte.<\/p>\n<ul>\n<li><strong>Hochsaison: Juni bis September + Oster-, Mai- und Herbstferien sowie alle Feiertage:<\/strong><\/li>\n<\/ul>\n<p><strong>Juni (bis Anfang Sommerferien) und September + Oster-, Mai- und Herbstferien:<\/strong><\/p>\n<p>Sonntag bis Donnerstag: \u20ac110 pro Nacht<\/p>\n<p>Freitag und Samstag: \u20ac115 pro Nacht<\/p>\n<p><strong>Juni, Juli, August und alle Feiertage:<\/strong><\/p>\n<p>Sonntag bis Montag: \u20ac115 pro Nacht<\/p>\n<p>In diese Periode ist das Mindestaufenthalt 4 oder 5 N\u00e4chte.<\/p>\n<hr \/>\n<p>BITTE BEACHTEN SIE: Die oben genannten Preise verstehen sich exklusive<\/p>\n<ul>\n<li>Kurtaxe von \u20ac2,55 pro Person und Nacht.<\/li>\n<li>\u20ac40 Reinigung pro Aufenthalt.<\/li>\n<li>Supplement von \u20ac15 f\u00fcr ein 3. und 4. Person (pro Zimmer\/Nacht).<\/li>\n<li>Fr\u00fchst\u00fcck im Fr\u00fchst\u00fccksraum von unsere b&amp;b. Ein Fr\u00fchst\u00fcck kostet \u20ac9,25 pro Person.<\/li>\n<li>Fahrr\u00e4der bieten wir an ab \u20ac5 pro Tag. Wir haben verschiedene Fahrr\u00e4der, wie Holland R\u00e4der, ein Lastenrad und ein Tandem.<\/li>\n<\/ul>\n<p>Rauchen, Besucher, Partys und Haustiere sind im Ferienhaus nicht erlaubt<\/p>\n<p><\/p>\n\n\n<p><\/p>","protected":false},"excerpt":{"rendered":"<p>Diese Preise gelten f\u00fcr einen Aufenthalt in dem Ferienhaus von Bed &amp; Breakfast Casa Koudekerke. Diese gelten f\u00fcr eine Belegung mit 2 Personen. Das Ferienhaus bietet Platz f\u00fcr bis zu 2 Erwachsene und 2 Kinder. F\u00fcr eine dritte und vierte<\/p>\n","protected":false},"author":1,"featured_media":0,"parent":0,"menu_order":0,"comment_status":"closed","ping_status":"closed","template":"","meta":{"footnotes":""},"class_list":["post-299","page","type-page","status-publish","hentry"],"_links":{"self":[{"href":"https:\/\/www.casakoudekerke.nl\/de\/wp-json\/wp\/v2\/pages\/299","targetHints":{"allow":["GET"]}}],"collection":[{"href":"https:\/\/www.casakoudekerke.nl\/de\/wp-json\/wp\/v2\/pages"}],"about":[{"href":"https:\/\/www.casakoudekerke.nl\/de\/wp-json\/wp\/v2\/types\/page"}],"author":[{"embeddable":true,"href":"https:\/\/www.casakoudekerke.nl\/de\/wp-json\/wp\/v2\/users\/1"}],"replies":[{"embeddable":true,"href":"https:\/\/www.casakoudekerke.nl\/de\/wp-json\/wp\/v2\/comments?post=299"}],"version-history":[{"count":90,"href":"https:\/\/www.casakoudekerke.nl\/de\/wp-json\/wp\/v2\/pages\/299\/revisions"}],"predecessor-version":[{"id":820,"href":"https:\/\/www.casakoudekerke.nl\/de\/wp-json\/wp\/v2\/pages\/299\/revisions\/820"}],"wp:attachment":[{"href":"https:\/\/www.casakoudekerke.nl\/de\/wp-json\/wp\/v2\/media?parent=299"}],"curies":[{"name":"wp","href":"https:\/\/api.w.org\/{rel}","templated":true}]}}