{"id":498,"date":"2019-03-12T20:55:35","date_gmt":"2019-03-12T20:55:35","guid":{"rendered":"http:\/\/www.casakoudekerke.nl\/?page_id=498"},"modified":"2025-03-14T11:29:11","modified_gmt":"2025-03-14T11:29:11","slug":"jacuzzi","status":"publish","type":"page","link":"https:\/\/www.casakoudekerke.nl\/de\/jacuzzi\/","title":{"rendered":"Privater Jacuzzi \/ Whirlpool"},"content":{"rendered":"<p><a href=\"http:\/\/www.casakoudekerke.nl\/wp-content\/uploads\/2025\/01\/IMG_20241023_163200594-scaled.jpg\" rel=\"lightbox[498]\"><img loading=\"lazy\" decoding=\"async\" class=\"wp-image-791  alignright\" src=\"http:\/\/www.casakoudekerke.nl\/wp-content\/uploads\/2025\/01\/IMG_20241023_163200594-768x1024.jpg\" alt=\"\" width=\"490\" height=\"654\" srcset=\"https:\/\/www.casakoudekerke.nl\/wp-content\/uploads\/2025\/01\/IMG_20241023_163200594-768x1024.jpg 768w, https:\/\/www.casakoudekerke.nl\/wp-content\/uploads\/2025\/01\/IMG_20241023_163200594-225x300.jpg 225w, https:\/\/www.casakoudekerke.nl\/wp-content\/uploads\/2025\/01\/IMG_20241023_163200594-1152x1536.jpg 1152w, https:\/\/www.casakoudekerke.nl\/wp-content\/uploads\/2025\/01\/IMG_20241023_163200594-1536x2048.jpg 1536w, https:\/\/www.casakoudekerke.nl\/wp-content\/uploads\/2025\/01\/IMG_20241023_163200594-scaled.jpg 1920w\" sizes=\"auto, (max-width: 490px) 100vw, 490px\" \/><\/a><\/p>\n<p> Neben dem Ferienhaus des Bed &amp; Breakfast Casa Koudekerke befindet sich seit Januar 2025 ein Jacuzzi\/Whirlpool. Dies ist eine weitere Verbesserung gegen\u00fcber dem holzbefeuerten Hottub, den wir vorher hatten. Sie m\u00fcssen das Bad nicht mehr selbst heizen. Alles, was Sie tun m\u00fcssen, ist, den Deckel zur Seite zu schieben und Sie k\u00f6nnen schon genie\u00dfen, egal ob Sommer oder Winter. Ein zus\u00e4tzlicher Vorteil sind die &#8222;D\u00fcsen&#8220;, die Ihnen (wenn Sie m\u00f6chten) eine angenehme (R\u00fccken-)Massage erm\u00f6glichen. Tauchen Sie ein in das warme Wasser, genie\u00dfen Sie die frische Luft: So l\u00e4sst es sich entspannen! Der Jacuzzi rundet Ihre \u00dcbernachtung im Ferienhaus ab.<br \/>\nDer Jacuzzi verf\u00fcgt \u00fcber eine Filterpumpe, die Hygiene garantiert. Und wir behandeln das Wasser mit Softcare (Fl\u00fcssigkeit und Granulat). Dank der perfekten Isolierung des Whirlpools bleibt das Bad lange Zeit auf der richtigen Temperatur. Der Jacuzzi heizt daher nur gelegentlich und verbraucht weniger Strom als die meisten anderen Jacuzzis.<\/span><\/p>\n<h4 class=\"tw-data-text tw-ta tw-text-small\" dir=\"ltr\" data-placeholder=\"Vertaling\"><span lang=\"de\" tabindex=\"0\">Wie funktioniert es? <\/span><\/h4>\n<p dir=\"ltr\" data-placeholder=\"Vertaling\">Wenn Sie den Jacuzzi nutzen m\u00f6chten, bitten wir Sie, diesen im Voraus zu reservieren. Dann bieten wir den Jacuzzi komplett einsatzbereit an. <span lang=\"de\" tabindex=\"0\">Wir geben vorab eine kurze Anleitung zur Funktionsweise des Jacuzzi<\/span>s. Bademantel und Handt\u00fccher liegen f\u00fcr Sie bereit. Sie m\u00fcssen nur Ihre eigene Badebekleidung und Hausschuhe mitbringen.<\/p>\n<p class=\"tw-data-text tw-ta tw-text-small\" dir=\"ltr\" data-placeholder=\"Vertaling\">Wir wohnen in einem Wohngebiet, also halte bitte die Lautst\u00e4rke niedriger, damit es unsere Nachbarn nicht st\u00f6rt.<\/p>\n<p><strong>Whirlpool Preise<\/strong><\/p>\n\n<table id=\"tablepress-3\" class=\"tablepress tablepress-id-3\">\n<tbody class=\"row-hover\">\n<tr class=\"row-1 odd\">\n\t<td class=\"column-1\">Ein Tag (einschlie\u00dflich zwei Holzkisten)<\/td><td class=\"column-2\">40 euro<\/td>\n<\/tr>\n<tr class=\"row-2 even\">\n\t<td class=\"column-1\">Jeden n\u00e4chsten Tag ((einschlie\u00dflich ein Holzkist)<br \/>\n<\/td><td class=\"column-2\">15 euro<\/td>\n<\/tr>\n<tr class=\"row-3 odd\">\n\t<td class=\"column-1\">Lassen Sie Ihren Gastgeber den Whirlpool aufheizen (nur im Nachsaison)<\/td><td class=\"column-2\">35 euro<\/td>\n<\/tr>\n<\/tbody>\n<\/table>\n<!-- #tablepress-3 from cache -->\n<div class=\"csc-header csc-header-n11\"><\/div>","protected":false},"excerpt":{"rendered":"<p>Neben dem Ferienhaus des Bed &amp; Breakfast Casa Koudekerke befindet sich seit Januar 2025 ein Jacuzzi\/Whirlpool. Dies ist eine weitere Verbesserung gegen\u00fcber dem holzbefeuerten Hottub, den wir vorher hatten. Sie m\u00fcssen das Bad nicht mehr selbst heizen. Alles, was Sie<\/p>\n","protected":false},"author":1,"featured_media":0,"parent":0,"menu_order":0,"comment_status":"closed","ping_status":"closed","template":"","meta":{"footnotes":""},"class_list":["post-498","page","type-page","status-publish","hentry"],"_links":{"self":[{"href":"https:\/\/www.casakoudekerke.nl\/de\/wp-json\/wp\/v2\/pages\/498","targetHints":{"allow":["GET"]}}],"collection":[{"href":"https:\/\/www.casakoudekerke.nl\/de\/wp-json\/wp\/v2\/pages"}],"about":[{"href":"https:\/\/www.casakoudekerke.nl\/de\/wp-json\/wp\/v2\/types\/page"}],"author":[{"embeddable":true,"href":"https:\/\/www.casakoudekerke.nl\/de\/wp-json\/wp\/v2\/users\/1"}],"replies":[{"embeddable":true,"href":"https:\/\/www.casakoudekerke.nl\/de\/wp-json\/wp\/v2\/comments?post=498"}],"version-history":[{"count":90,"href":"https:\/\/www.casakoudekerke.nl\/de\/wp-json\/wp\/v2\/pages\/498\/revisions"}],"predecessor-version":[{"id":813,"href":"https:\/\/www.casakoudekerke.nl\/de\/wp-json\/wp\/v2\/pages\/498\/revisions\/813"}],"wp:attachment":[{"href":"https:\/\/www.casakoudekerke.nl\/de\/wp-json\/wp\/v2\/media?parent=498"}],"curies":[{"name":"wp","href":"https:\/\/api.w.org\/{rel}","templated":true}]}}