{"id":53,"date":"2015-11-10T22:38:10","date_gmt":"2015-11-10T22:38:10","guid":{"rendered":"http:\/\/www.casakoudekerke.nl\/?page_id=53"},"modified":"2025-12-29T23:34:49","modified_gmt":"2025-12-29T23:34:49","slug":"kamerprijzen","status":"publish","type":"page","link":"https:\/\/www.casakoudekerke.nl\/de\/kamerprijzen\/","title":{"rendered":"Zimmer Preise"},"content":{"rendered":"<p><\/p>\n<p>Diese Preise gelten f\u00fcr einen Aufenthalt in die Zimmer von Bed &amp; Breakfast Casa Koudekerke.<\/p>\n<p>De \u00dcbernachtungspreise sind exklusive Kurtaxe (\u20ac2,55 pp\/pn) und Fr\u00fchst\u00fcck (\u20ac9,25 pp).<\/p>\n<p>Die Preise gelten f\u00fcr maximal 2 Personen. Der Zuschlag\/Supplement f\u00fcr eine 3. und 4. Person betr\u00e4gt \u20ac15 pro Person und Nacht.<\/p>\n<p><span class=\"Y2IQFc\" lang=\"de\">Check-in ist ab 16 Uhr m\u00f6glich, jedoch immer nach Absprache. Manchmal ist es daher m\u00f6glich, fr\u00fcher einzuchecken (oder den Schl\u00fcssel abzuholen). Aber es kann auch vorkommen, dass wir erst etwas sp\u00e4ter zu Hause sind. Bitte checken Sie vor 10.30 Uhr aus.<\/span><\/p>\n<ul>\n<li>\n<p id=\"tw-target-text\" class=\"tw-data-text tw-ta tw-text-small\" dir=\"ltr\" data-placeholder=\"Vertaling\"><strong><span lang=\"de\" tabindex=\"0\">Nebensaison; November bis M\u00e4rz (<span lang=\"de\">auBer<\/span> die Fr\u00fchlings- und Weihnachtsferien):<\/span><\/strong><\/p>\n<\/li>\n<\/ul>\n<p class=\"tw-data-text vk_txt tw-ta tw-text-small\" dir=\"ltr\" data-placeholder=\"Vertaling\"><span lang=\"de\">Sonntag bis Donnerstag: \u20ac65 pro Nacht<\/span><\/p>\n<p class=\"tw-data-text vk_txt tw-ta tw-text-small\" dir=\"ltr\" data-placeholder=\"Vertaling\"><span lang=\"de\">Freitag und Samstag: \u20ac70 pro Nacht<\/span><\/p>\n<ul>\n<li class=\"tw-data-text vk_txt tw-ta tw-text-small\" dir=\"ltr\" data-placeholder=\"Vertaling\"><strong>Zwischensaison; M\u00e4rz, April, Mai und Oktober (einschlie\u00dflich Fr\u00fchlings- und Weihnachtsferien)<\/strong><\/li>\n<\/ul>\n<p class=\"tw-data-text vk_txt tw-ta tw-text-small\" dir=\"ltr\" data-placeholder=\"Vertaling\"><span lang=\"de\">Sonntag bis Donnerstag: \u20ac70 pro Nacht<\/span><\/p>\n<p class=\"tw-data-text vk_txt tw-ta tw-text-small\" dir=\"ltr\" data-placeholder=\"Vertaling\"><span lang=\"de\">Freitag und Samstag: \u20ac75 pro Nacht<\/span><\/p>\n<p class=\"tw-data-text vk_txt tw-ta tw-text-small\" dir=\"ltr\" data-placeholder=\"Vertaling\"><span class=\"Y2IQFc\" lang=\"de\">Bei einem Aufenthalt von 1 Nacht wird ein Zuschlag von \u20ac8 pro Zimmer berechnet.<\/span><\/p>\n<ul>\n<li><strong>Hochsaison: Juni bis September + Oster-, Mai- und Herbstferien sowie alle Feiertage:<\/strong><\/li>\n<\/ul>\n<p><strong>Juni (bis Anfang Sommerferien) und September + Oster-, Mai- und Herbstferien:<\/strong><\/p>\n<p class=\"tw-data-text vk_txt tw-ta tw-text-small\" dir=\"ltr\" data-placeholder=\"Vertaling\"><span lang=\"de\">Sonntag bis Donnerstag: \u20ac75 pro Nacht<\/span><\/p>\n<p class=\"tw-data-text vk_txt tw-ta tw-text-small\" dir=\"ltr\" data-placeholder=\"Vertaling\"><span lang=\"de\">Freitag und Samstag: \u20ac80 pro Nacht<\/span><\/p>\n<p dir=\"ltr\" data-placeholder=\"Vertaling\">W\u00e4hrend dieser Zeitr\u00e4ume gilt ein Minimum von 2 N\u00e4chte<\/p>\n<p id=\"tw-target-text\" class=\"tw-data-text vk_txt tw-ta tw-text-small\" dir=\"ltr\" data-placeholder=\"Vertaling\"><b>Juni, Juli August<span lang=\"de\"> und alle Feiertage:<\/span><\/b><\/p>\n<p class=\"tw-data-text vk_txt tw-ta tw-text-small\" dir=\"ltr\" data-placeholder=\"Vertaling\"><span lang=\"de\"><b><\/b>Sonntag bis Samstag: \u20ac80 pro Nacht<\/span><\/p>\n<p>Im Hochsaison ist das Mindestaufenthalt drei N\u00e4chte.<\/p>\n<p>&#8212;&#8212;&#8212;&#8212;&#8212;&#8212;&#8212;&#8212;&#8212;&#8212;&#8212;&#8212;&#8212;&#8212;&#8212;&#8212;&#8212;&#8212;&#8212;&#8212;&#8212;<\/p>\n<p id=\"tw-target-text\" class=\"tw-data-text tw-ta tw-text-small\" dir=\"ltr\" data-placeholder=\"Vertaling\"><span lang=\"de\" tabindex=\"0\">Wenn Sie morgens ein Fr\u00fchst\u00fcck w\u00fcnschen, k\u00f6nnen wir es (normalerweise) f\u00fcr \u20ac9,25 pro Person machen.<\/span><\/p>\n<p class=\"tw-data-text tw-ta tw-text-small\" dir=\"ltr\" data-placeholder=\"Vertaling\">Wir stellen verschiedene Fahrr\u00e4der zur Verf\u00fcgung f\u00fcr die G\u00e4ste. So wie Holland (Oma) Fahrr\u00e4der mit und ohne Gangschaltung, ein Lastenrad und verschiedene Tandems (ab \u20ac5 pro Tag). Ideal f\u00fcr eine Fahrt zum Strand oder nach Middelburg und Vlissingen oder f\u00fcr eine sch\u00f6ne Radtour auf dem &#8222;Insel&#8220; Walcheren.<\/p>\n<p id=\"tw-target-text\" class=\"tw-data-text tw-ta tw-text-small\" dir=\"ltr\" data-placeholder=\"Vertaling\"><span lang=\"de\" tabindex=\"0\">Neben unserem Ferienhaus befindet sich ein Jacuzzi. Wenn das Ferienhaus nicht vermietet ist, kann es gegen Bezahlung genutzt werden. Bitte fragen Sie bei der Ankunft nach.<\/span><\/p>\n<p class=\"tw-data-text tw-ta tw-text-small\" dir=\"ltr\" data-placeholder=\"Vertaling\"><span class=\"Y2IQFc\" lang=\"de\">Das mitbringen von Haustieren, Partys, Rauchen (innen) ist <span lang=\"de\">nicht erlaubt.<\/span> Besuch bitte vorher anmelden.<\/span><\/p>\n<p><\/p>\n\n\n<p><\/p>","protected":false},"excerpt":{"rendered":"<p>Diese Preise gelten f\u00fcr einen Aufenthalt in die Zimmer von Bed &amp; Breakfast Casa Koudekerke. De \u00dcbernachtungspreise sind exklusive Kurtaxe (\u20ac2,55 pp\/pn) und Fr\u00fchst\u00fcck (\u20ac9,25 pp). Die Preise gelten f\u00fcr maximal 2 Personen. Der Zuschlag\/Supplement f\u00fcr eine 3. und 4.<\/p>\n","protected":false},"author":1,"featured_media":0,"parent":0,"menu_order":0,"comment_status":"closed","ping_status":"closed","template":"","meta":{"footnotes":""},"class_list":["post-53","page","type-page","status-publish","hentry"],"_links":{"self":[{"href":"https:\/\/www.casakoudekerke.nl\/de\/wp-json\/wp\/v2\/pages\/53","targetHints":{"allow":["GET"]}}],"collection":[{"href":"https:\/\/www.casakoudekerke.nl\/de\/wp-json\/wp\/v2\/pages"}],"about":[{"href":"https:\/\/www.casakoudekerke.nl\/de\/wp-json\/wp\/v2\/types\/page"}],"author":[{"embeddable":true,"href":"https:\/\/www.casakoudekerke.nl\/de\/wp-json\/wp\/v2\/users\/1"}],"replies":[{"embeddable":true,"href":"https:\/\/www.casakoudekerke.nl\/de\/wp-json\/wp\/v2\/comments?post=53"}],"version-history":[{"count":121,"href":"https:\/\/www.casakoudekerke.nl\/de\/wp-json\/wp\/v2\/pages\/53\/revisions"}],"predecessor-version":[{"id":817,"href":"https:\/\/www.casakoudekerke.nl\/de\/wp-json\/wp\/v2\/pages\/53\/revisions\/817"}],"wp:attachment":[{"href":"https:\/\/www.casakoudekerke.nl\/de\/wp-json\/wp\/v2\/media?parent=53"}],"curies":[{"name":"wp","href":"https:\/\/api.w.org\/{rel}","templated":true}]}}