{"id":63,"date":"2015-12-07T20:59:12","date_gmt":"2015-12-07T20:59:12","guid":{"rendered":"http:\/\/www.casakoudekerke.nl\/?page_id=63"},"modified":"2025-04-01T08:08:02","modified_gmt":"2025-04-01T08:08:02","slug":"wiezijnwij","status":"publish","type":"page","link":"https:\/\/www.casakoudekerke.nl\/de\/wiezijnwij\/","title":{"rendered":"\u00dcber uns"},"content":{"rendered":"<p><img loading=\"lazy\" decoding=\"async\" class=\"alignright wp-image-69 size-medium\" src=\"http:\/\/www.casakoudekerke.nl\/wp-content\/uploads\/2015\/12\/IMG_2151-e1449527072772-224x300.jpg\" alt=\"Mischa &amp; Cornelleke \" width=\"224\" height=\"300\" \/><\/p>\n<p><span style=\"font-weight: 400;\">Sch\u00f6n Sie zu treffen! Wir sind familien De Ridder. Alle geboren und in Zeeland angehoben. Wir beide haben langere Zeit au\u00dferhalb der Provinz gewohnt. Und wir hatten beide nicht erwartet, bald wieder zu kommen. Aber wir fanden einander und unser Traumhaus in Koudekerke. Wir wohnen dort jetzt mit unseren zwei Kindern. Wir w\u00fcrden das Haus gerne mit anderen teilen. <\/span><span lang=\"de\" tabindex=\"0\">Deshalb haben wir unser Bed &amp; Breakfast Casa Koudekerke gegr\u00fcndet.<\/span><\/p>\n<p><span style=\"font-weight: 400;\">Wir m\u00f6chten gerne neue Leute kennenlernen und mehr \u00fcber andere Kulturen und Br\u00e4uche kommen zu wissen.<\/span><\/p>\n<p><span style=\"font-weight: 400;\">Wir sind selbst auch s\u00fcchtig nach Reisen. Wir haben zusammen schon viele L\u00e4nder besucht. Wir lieben es, das lokale Essen zu probieren und \u00fcbernachten am liebsten bei den Einheimischen. Die Gastfreundschaft, die wir selbst auf der ganzen Welt erfahren haben, wollen wir auch an unseren G\u00e4sten bieten.<\/span><\/p>\n<p><span style=\"font-weight: 400;\">Wir hoffen Sie in Casa Koudekerke zu treffen!<\/span><\/p>\n<p>Sch\u00f6ne Gr\u00fcsse aus Zeeland!<\/p>\n<p>Familien De Ridder<\/p>\n<p><\/p>","protected":false},"excerpt":{"rendered":"<p>Sch\u00f6n Sie zu treffen! Wir sind familien De Ridder. Alle geboren und in Zeeland angehoben. Wir beide haben langere Zeit au\u00dferhalb der Provinz gewohnt. Und wir hatten beide nicht erwartet, bald wieder zu kommen. Aber wir fanden einander und unser<\/p>\n","protected":false},"author":1,"featured_media":0,"parent":0,"menu_order":0,"comment_status":"closed","ping_status":"closed","template":"","meta":{"footnotes":""},"class_list":["post-63","page","type-page","status-publish","hentry"],"_links":{"self":[{"href":"https:\/\/www.casakoudekerke.nl\/de\/wp-json\/wp\/v2\/pages\/63","targetHints":{"allow":["GET"]}}],"collection":[{"href":"https:\/\/www.casakoudekerke.nl\/de\/wp-json\/wp\/v2\/pages"}],"about":[{"href":"https:\/\/www.casakoudekerke.nl\/de\/wp-json\/wp\/v2\/types\/page"}],"author":[{"embeddable":true,"href":"https:\/\/www.casakoudekerke.nl\/de\/wp-json\/wp\/v2\/users\/1"}],"replies":[{"embeddable":true,"href":"https:\/\/www.casakoudekerke.nl\/de\/wp-json\/wp\/v2\/comments?post=63"}],"version-history":[{"count":22,"href":"https:\/\/www.casakoudekerke.nl\/de\/wp-json\/wp\/v2\/pages\/63\/revisions"}],"predecessor-version":[{"id":815,"href":"https:\/\/www.casakoudekerke.nl\/de\/wp-json\/wp\/v2\/pages\/63\/revisions\/815"}],"wp:attachment":[{"href":"https:\/\/www.casakoudekerke.nl\/de\/wp-json\/wp\/v2\/media?parent=63"}],"curies":[{"name":"wp","href":"https:\/\/api.w.org\/{rel}","templated":true}]}}