{"id":71,"date":"2015-12-07T21:23:00","date_gmt":"2015-12-07T21:23:00","guid":{"rendered":"http:\/\/www.casakoudekerke.nl\/?page_id=71"},"modified":"2025-01-14T09:07:29","modified_gmt":"2025-01-14T09:07:29","slug":"cubakamer","status":"publish","type":"page","link":"https:\/\/www.casakoudekerke.nl\/de\/cubakamer\/","title":{"rendered":"Kuba Zimmer"},"content":{"rendered":"<p><\/p>\n<div id=\"tw-target-text-container\" class=\"tw-ta-container tw-nfl\">\n<p id=\"tw-target-text\" class=\"tw-data-text vk_txt tw-ta tw-text-small\" dir=\"ltr\" data-placeholder=\"Vertaling\"><span lang=\"de\">Das Kuba Zimmer ist ein komfortables Doppelzimmer, ausgestattet mit Vintage M\u00f6bel und Akzente aus den sechziger Jahren. Das Zimmer &#8211; auf der obersten Etagedes Hauses &#8211; hat einem ger\u00e4umigen sonnigen Balkon, wo man im Sommer bis zum Abend der Sonne genie\u00dfen kann. Neben dem charmanten Bett (1,40 breit), gibt es ein Waschbecken mit Spiegel und einen Sitzbereich. Sie k\u00f6nnen Kaffee und Tee im Zimmer machen. Dar\u00fcber hinaus haben Sie Zugriff auf einen Fernseher, DVD -Player, ein kleines Radio und kostenloses WiFi. Wir haben auch eine umfangreiche Sammlung von DVDs, CDs und Spiele, die Sie kostenlos nutzen k\u00f6nnen. <\/span><\/p>\n<p class=\"tw-data-text vk_txt tw-ta tw-text-small\" dir=\"ltr\" data-placeholder=\"Vertaling\"><span lang=\"de\">Die Toilette und Dusche befinden sich auf dem Flur. Sie teilen sich das Bad mit G\u00e4ste in der Zeeland Kammer. Es ist m\u00f6glich, mit drei Personen in der Kuba Zimmer zu bleiben. Wir haben ein zus\u00e4tzliches Einzelbett im Zimmer.<\/span><\/p>\n<div id='gallery-3' class='gallery galleryid-71 gallery-columns-3 gallery-size-medium'><figure class='gallery-item'>\n\t\t\t<div class='gallery-icon landscape'>\n\t\t\t\t<a href='https:\/\/www.casakoudekerke.nl\/wp-content\/uploads\/2024\/03\/Cuba-nieuw-11-e1711879319771.jpg' rel=\"lightbox[71]\"><img loading=\"lazy\" decoding=\"async\" width=\"300\" height=\"225\" src=\"https:\/\/www.casakoudekerke.nl\/wp-content\/uploads\/2024\/03\/Cuba-nieuw-11-300x225.jpg\" class=\"attachment-medium size-medium\" alt=\"Casa Koudekerke\" aria-describedby=\"gallery-3-743\" srcset=\"https:\/\/www.casakoudekerke.nl\/wp-content\/uploads\/2024\/03\/Cuba-nieuw-11-300x225.jpg 300w, https:\/\/www.casakoudekerke.nl\/wp-content\/uploads\/2024\/03\/Cuba-nieuw-11-768x576.jpg 768w, https:\/\/www.casakoudekerke.nl\/wp-content\/uploads\/2024\/03\/Cuba-nieuw-11-1024x768.jpg 1024w, https:\/\/www.casakoudekerke.nl\/wp-content\/uploads\/2024\/03\/Cuba-nieuw-11-e1711879319771.jpg 800w\" sizes=\"auto, (max-width: 300px) 100vw, 300px\" \/><\/a>\n\t\t\t<\/div>\n\t\t\t\t<figcaption class='wp-caption-text gallery-caption' id='gallery-3-743'>\n\t\t\t\tThe Cuba room\n\t\t\t\t<\/figcaption><\/figure><figure class='gallery-item'>\n\t\t\t<div class='gallery-icon portrait'>\n\t\t\t\t<a href='https:\/\/www.casakoudekerke.nl\/wp-content\/uploads\/2015\/11\/IMG_3743.jpg' rel=\"lightbox[71]\"><img loading=\"lazy\" decoding=\"async\" width=\"225\" height=\"300\" src=\"https:\/\/www.casakoudekerke.nl\/wp-content\/uploads\/2015\/11\/IMG_3743.jpg\" class=\"attachment-medium size-medium\" alt=\"Bed &amp; Breakfast Casa Koudekerke Zeeland\" aria-describedby=\"gallery-3-21\" \/><\/a>\n\t\t\t<\/div>\n\t\t\t\t<figcaption class='wp-caption-text gallery-caption' id='gallery-3-21'>\n\t\t\t\tThe charming double bed in the Cuba room\n\t\t\t\t<\/figcaption><\/figure><figure class='gallery-item'>\n\t\t\t<div class='gallery-icon landscape'>\n\t\t\t\t<a href='https:\/\/www.casakoudekerke.nl\/wp-content\/uploads\/2024\/03\/Cuba-nieuw-5-e1711918401515.jpg' rel=\"lightbox[71]\"><img loading=\"lazy\" decoding=\"async\" width=\"300\" height=\"225\" src=\"https:\/\/www.casakoudekerke.nl\/wp-content\/uploads\/2024\/03\/Cuba-nieuw-5-300x225.jpg\" class=\"attachment-medium size-medium\" alt=\"Bed &amp; Breakfast Casa Koudekerke\" aria-describedby=\"gallery-3-744\" srcset=\"https:\/\/www.casakoudekerke.nl\/wp-content\/uploads\/2024\/03\/Cuba-nieuw-5-300x225.jpg 300w, https:\/\/www.casakoudekerke.nl\/wp-content\/uploads\/2024\/03\/Cuba-nieuw-5-768x576.jpg 768w, https:\/\/www.casakoudekerke.nl\/wp-content\/uploads\/2024\/03\/Cuba-nieuw-5-1024x768.jpg 1024w, https:\/\/www.casakoudekerke.nl\/wp-content\/uploads\/2024\/03\/Cuba-nieuw-5-e1711918401515.jpg 800w\" sizes=\"auto, (max-width: 300px) 100vw, 300px\" \/><\/a>\n\t\t\t<\/div>\n\t\t\t\t<figcaption class='wp-caption-text gallery-caption' id='gallery-3-744'>\n\t\t\t\tThe washbasin in sixties-style.\n\t\t\t\t<\/figcaption><\/figure><figure class='gallery-item'>\n\t\t\t<div class='gallery-icon landscape'>\n\t\t\t\t<a href='https:\/\/www.casakoudekerke.nl\/wp-content\/uploads\/2024\/03\/20240325_135628-e1711879344231.jpg' rel=\"lightbox[71]\"><img loading=\"lazy\" decoding=\"async\" width=\"300\" height=\"225\" src=\"https:\/\/www.casakoudekerke.nl\/wp-content\/uploads\/2024\/03\/20240325_135628-300x225.jpg\" class=\"attachment-medium size-medium\" alt=\"Bed &amp; Breakfast Casa Koudekerke Zeeland\" aria-describedby=\"gallery-3-748\" srcset=\"https:\/\/www.casakoudekerke.nl\/wp-content\/uploads\/2024\/03\/20240325_135628-300x225.jpg 300w, https:\/\/www.casakoudekerke.nl\/wp-content\/uploads\/2024\/03\/20240325_135628-768x576.jpg 768w, https:\/\/www.casakoudekerke.nl\/wp-content\/uploads\/2024\/03\/20240325_135628-1024x768.jpg 1024w, https:\/\/www.casakoudekerke.nl\/wp-content\/uploads\/2024\/03\/20240325_135628-e1711879344231.jpg 800w\" sizes=\"auto, (max-width: 300px) 100vw, 300px\" \/><\/a>\n\t\t\t<\/div>\n\t\t\t\t<figcaption class='wp-caption-text gallery-caption' id='gallery-3-748'>\n\t\t\t\tThe room has a TV and DVD-player\n\t\t\t\t<\/figcaption><\/figure><figure class='gallery-item'>\n\t\t\t<div class='gallery-icon portrait'>\n\t\t\t\t<a href='https:\/\/www.casakoudekerke.nl\/wp-content\/uploads\/2015\/11\/IMG_3733-e1450009333664.jpg' rel=\"lightbox[71]\"><img loading=\"lazy\" decoding=\"async\" width=\"225\" height=\"300\" src=\"https:\/\/www.casakoudekerke.nl\/wp-content\/uploads\/2015\/11\/IMG_3733-225x300.jpg\" class=\"attachment-medium size-medium\" alt=\"Bed &amp; Breakfast Casa Koudekerke Zeeland\" aria-describedby=\"gallery-3-10\" srcset=\"https:\/\/www.casakoudekerke.nl\/wp-content\/uploads\/2015\/11\/IMG_3733-225x300.jpg 225w, https:\/\/www.casakoudekerke.nl\/wp-content\/uploads\/2015\/11\/IMG_3733-768x1024.jpg 768w, https:\/\/www.casakoudekerke.nl\/wp-content\/uploads\/2015\/11\/IMG_3733-e1450009333664.jpg 600w\" sizes=\"auto, (max-width: 225px) 100vw, 225px\" \/><\/a>\n\t\t\t<\/div>\n\t\t\t\t<figcaption class='wp-caption-text gallery-caption' id='gallery-3-10'>\n\t\t\t\tThe Cuba room is furnished in vintage style.\n\t\t\t\t<\/figcaption><\/figure><figure class='gallery-item'>\n\t\t\t<div class='gallery-icon landscape'>\n\t\t\t\t<a href='https:\/\/www.casakoudekerke.nl\/wp-content\/uploads\/2024\/03\/Cuba-nieuw-2-open-e1711879400234.jpg' rel=\"lightbox[71]\"><img loading=\"lazy\" decoding=\"async\" width=\"300\" height=\"225\" src=\"https:\/\/www.casakoudekerke.nl\/wp-content\/uploads\/2024\/03\/Cuba-nieuw-2-open-300x225.jpg\" class=\"attachment-medium size-medium\" alt=\"Bed &amp; Breakfast Casa Koudekerke Zeeland\" aria-describedby=\"gallery-3-740\" srcset=\"https:\/\/www.casakoudekerke.nl\/wp-content\/uploads\/2024\/03\/Cuba-nieuw-2-open-300x225.jpg 300w, https:\/\/www.casakoudekerke.nl\/wp-content\/uploads\/2024\/03\/Cuba-nieuw-2-open-768x576.jpg 768w, https:\/\/www.casakoudekerke.nl\/wp-content\/uploads\/2024\/03\/Cuba-nieuw-2-open-1024x768.jpg 1024w, https:\/\/www.casakoudekerke.nl\/wp-content\/uploads\/2024\/03\/Cuba-nieuw-2-open-e1711879400234.jpg 800w\" sizes=\"auto, (max-width: 300px) 100vw, 300px\" \/><\/a>\n\t\t\t<\/div>\n\t\t\t\t<figcaption class='wp-caption-text gallery-caption' id='gallery-3-740'>\n\t\t\t\tUnder the tv is a vinyl player.\n\t\t\t\t<\/figcaption><\/figure><figure class='gallery-item'>\n\t\t\t<div class='gallery-icon landscape'>\n\t\t\t\t<a href='https:\/\/www.casakoudekerke.nl\/wp-content\/uploads\/2024\/03\/Cuba-nieuw-10-e1711879369700.jpg' rel=\"lightbox[71]\"><img loading=\"lazy\" decoding=\"async\" width=\"300\" height=\"225\" src=\"https:\/\/www.casakoudekerke.nl\/wp-content\/uploads\/2024\/03\/Cuba-nieuw-10-300x225.jpg\" class=\"attachment-medium size-medium\" alt=\"\" aria-describedby=\"gallery-3-742\" srcset=\"https:\/\/www.casakoudekerke.nl\/wp-content\/uploads\/2024\/03\/Cuba-nieuw-10-300x225.jpg 300w, https:\/\/www.casakoudekerke.nl\/wp-content\/uploads\/2024\/03\/Cuba-nieuw-10-768x576.jpg 768w, https:\/\/www.casakoudekerke.nl\/wp-content\/uploads\/2024\/03\/Cuba-nieuw-10-1024x768.jpg 1024w, https:\/\/www.casakoudekerke.nl\/wp-content\/uploads\/2024\/03\/Cuba-nieuw-10-e1711879369700.jpg 800w\" sizes=\"auto, (max-width: 300px) 100vw, 300px\" \/><\/a>\n\t\t\t<\/div>\n\t\t\t\t<figcaption class='wp-caption-text gallery-caption' id='gallery-3-742'>\n\t\t\t\tLet&#8217;s play some Cuban music!\n\t\t\t\t<\/figcaption><\/figure><figure class='gallery-item'>\n\t\t\t<div class='gallery-icon landscape'>\n\t\t\t\t<a href='https:\/\/www.casakoudekerke.nl\/wp-content\/uploads\/2015\/11\/IMG_3732-e1450009242758.jpg' rel=\"lightbox[71]\"><img loading=\"lazy\" decoding=\"async\" width=\"300\" height=\"225\" src=\"https:\/\/www.casakoudekerke.nl\/wp-content\/uploads\/2015\/11\/IMG_3732-300x225.jpg\" class=\"attachment-medium size-medium\" alt=\"Bed &amp; Breakfast Casa Koudekerke Zeeland\" aria-describedby=\"gallery-3-14\" srcset=\"https:\/\/www.casakoudekerke.nl\/wp-content\/uploads\/2015\/11\/IMG_3732-300x225.jpg 300w, https:\/\/www.casakoudekerke.nl\/wp-content\/uploads\/2015\/11\/IMG_3732-1024x768.jpg 1024w, https:\/\/www.casakoudekerke.nl\/wp-content\/uploads\/2015\/11\/IMG_3732-e1450009242758.jpg 1067w\" sizes=\"auto, (max-width: 300px) 100vw, 300px\" \/><\/a>\n\t\t\t<\/div>\n\t\t\t\t<figcaption class='wp-caption-text gallery-caption' id='gallery-3-14'>\n\t\t\t\tThe sunny balcony of the Cuba Room.\n\t\t\t\t<\/figcaption><\/figure><figure class='gallery-item'>\n\t\t\t<div class='gallery-icon portrait'>\n\t\t\t\t<a href='https:\/\/www.casakoudekerke.nl\/wp-content\/uploads\/2015\/11\/IMG_3288-e1450009464888.jpg' rel=\"lightbox[71]\"><img loading=\"lazy\" decoding=\"async\" width=\"225\" height=\"300\" src=\"https:\/\/www.casakoudekerke.nl\/wp-content\/uploads\/2015\/11\/IMG_3288-225x300.jpg\" class=\"attachment-medium size-medium\" alt=\"\" aria-describedby=\"gallery-3-13\" srcset=\"https:\/\/www.casakoudekerke.nl\/wp-content\/uploads\/2015\/11\/IMG_3288-225x300.jpg 225w, https:\/\/www.casakoudekerke.nl\/wp-content\/uploads\/2015\/11\/IMG_3288-768x1024.jpg 768w, https:\/\/www.casakoudekerke.nl\/wp-content\/uploads\/2015\/11\/IMG_3288-e1450009464888.jpg 600w\" sizes=\"auto, (max-width: 225px) 100vw, 225px\" \/><\/a>\n\t\t\t<\/div>\n\t\t\t\t<figcaption class='wp-caption-text gallery-caption' id='gallery-3-13'>\n\t\t\t\tThe toilet and shower.\n\t\t\t\t<\/figcaption><\/figure>\n\t\t<\/div>\n\n<\/div>\n<p><\/p>","protected":false},"excerpt":{"rendered":"<p>Das Kuba Zimmer ist ein komfortables Doppelzimmer, ausgestattet mit Vintage M\u00f6bel und Akzente aus den sechziger Jahren. Das Zimmer &#8211; auf der obersten Etagedes Hauses &#8211; hat einem ger\u00e4umigen sonnigen Balkon, wo man im Sommer bis zum Abend der Sonne<\/p>\n","protected":false},"author":1,"featured_media":0,"parent":0,"menu_order":0,"comment_status":"closed","ping_status":"closed","template":"","meta":{"footnotes":""},"class_list":["post-71","page","type-page","status-publish","hentry"],"_links":{"self":[{"href":"https:\/\/www.casakoudekerke.nl\/de\/wp-json\/wp\/v2\/pages\/71","targetHints":{"allow":["GET"]}}],"collection":[{"href":"https:\/\/www.casakoudekerke.nl\/de\/wp-json\/wp\/v2\/pages"}],"about":[{"href":"https:\/\/www.casakoudekerke.nl\/de\/wp-json\/wp\/v2\/types\/page"}],"author":[{"embeddable":true,"href":"https:\/\/www.casakoudekerke.nl\/de\/wp-json\/wp\/v2\/users\/1"}],"replies":[{"embeddable":true,"href":"https:\/\/www.casakoudekerke.nl\/de\/wp-json\/wp\/v2\/comments?post=71"}],"version-history":[{"count":38,"href":"https:\/\/www.casakoudekerke.nl\/de\/wp-json\/wp\/v2\/pages\/71\/revisions"}],"predecessor-version":[{"id":790,"href":"https:\/\/www.casakoudekerke.nl\/de\/wp-json\/wp\/v2\/pages\/71\/revisions\/790"}],"wp:attachment":[{"href":"https:\/\/www.casakoudekerke.nl\/de\/wp-json\/wp\/v2\/media?parent=71"}],"curies":[{"name":"wp","href":"https:\/\/api.w.org\/{rel}","templated":true}]}}