{"id":79,"date":"2015-12-07T21:54:28","date_gmt":"2015-12-07T21:54:28","guid":{"rendered":"http:\/\/www.casakoudekerke.nl\/?page_id=79"},"modified":"2019-01-30T21:12:48","modified_gmt":"2019-01-30T21:12:48","slug":"zeeland-kamer","status":"publish","type":"page","link":"https:\/\/www.casakoudekerke.nl\/de\/zeeland-kamer\/","title":{"rendered":"Zeeland Zimmer"},"content":{"rendered":"<p><\/p>\n<p id=\"tw-target-text\" class=\"tw-data-text vk_txt tw-ta tw-text-small\" dir=\"ltr\" data-placeholder=\"Vertaling\"><span lang=\"de\">Das Zeeland Zimmer von Bed &amp; Breakfast Casa Koudekerke ist eingerichtet mit Holzger\u00fcst und Vintage-M\u00f6bel. Das Zimmer besteht aus zwei R\u00e4ume die mit eine T\u00fcr miteinander verbunden sind. Im gr\u00f6\u00dften Zimmer verf\u00fcgt ist ein Doppelbett (1,60 breit) und einen Sitzbereich. Das kleinste Zimmer hat ein Etagenbett und auch ein Waschbecken. Beide Teile des Zimmers haben eine T\u00fcr zum Flur. So ist es m\u00f6glich, in diesem Raum mit zwei Menschen zu bleiben, aber die Gegend ist auch ideal f\u00fcr Familien oder Freunde. Sie haben auch Zugang zu einem Fernseher, DVD -Player, ein kleines Radio und kostenloses WiFi. Wir haben auch eine umfangreiche Sammlung von DVDs, CDs und Spiele, die Sie kostenlos nutzen k\u00f6nnen. Die Toilette und Dusche befinden sich auf dem Flur. Sie teilen sich das Bad mit G\u00e4ste die im Kuba Zimmer bleiben.<\/span><\/p>\n<p><div id='gallery-3' class='gallery galleryid-79 gallery-columns-3 gallery-size-medium'><figure class='gallery-item'>\n\t\t\t<div class='gallery-icon landscape'>\n\t\t\t\t<a href='https:\/\/www.casakoudekerke.nl\/wp-content\/uploads\/2016\/03\/IMG_8113-e1463512349205.jpg' rel=\"lightbox[79]\"><img loading=\"lazy\" decoding=\"async\" width=\"300\" height=\"225\" src=\"https:\/\/www.casakoudekerke.nl\/wp-content\/uploads\/2016\/03\/IMG_8113-300x225.jpg\" class=\"attachment-medium size-medium\" alt=\"Bed &amp; Breakfast Casa Koudekerke\" aria-describedby=\"gallery-3-211\" srcset=\"https:\/\/www.casakoudekerke.nl\/wp-content\/uploads\/2016\/03\/IMG_8113-300x225.jpg 300w, https:\/\/www.casakoudekerke.nl\/wp-content\/uploads\/2016\/03\/IMG_8113-1024x768.jpg 1024w, https:\/\/www.casakoudekerke.nl\/wp-content\/uploads\/2016\/03\/IMG_8113-e1463512349205.jpg 1067w\" sizes=\"auto, (max-width: 300px) 100vw, 300px\" \/><\/a>\n\t\t\t<\/div>\n\t\t\t\t<figcaption class='wp-caption-text gallery-caption' id='gallery-3-211'>\n\t\t\t\tDe Zeeland Room has a homemade wooden bed.\n\t\t\t\t<\/figcaption><\/figure><figure class='gallery-item'>\n\t\t\t<div class='gallery-icon portrait'>\n\t\t\t\t<a href='https:\/\/www.casakoudekerke.nl\/wp-content\/uploads\/2016\/03\/19-A-bed-with-fruitkisten-e1463512406345.jpg' rel=\"lightbox[79]\"><img loading=\"lazy\" decoding=\"async\" width=\"225\" height=\"300\" src=\"https:\/\/www.casakoudekerke.nl\/wp-content\/uploads\/2016\/03\/19-A-bed-with-fruitkisten-225x300.jpg\" class=\"attachment-medium size-medium\" alt=\"Bed &amp; Breakfast Casa Koudekerke\" aria-describedby=\"gallery-3-212\" srcset=\"https:\/\/www.casakoudekerke.nl\/wp-content\/uploads\/2016\/03\/19-A-bed-with-fruitkisten-225x300.jpg 225w, https:\/\/www.casakoudekerke.nl\/wp-content\/uploads\/2016\/03\/19-A-bed-with-fruitkisten-768x1024.jpg 768w, https:\/\/www.casakoudekerke.nl\/wp-content\/uploads\/2016\/03\/19-A-bed-with-fruitkisten-e1463512406345.jpg 800w\" sizes=\"auto, (max-width: 225px) 100vw, 225px\" \/><\/a>\n\t\t\t<\/div>\n\t\t\t\t<figcaption class='wp-caption-text gallery-caption' id='gallery-3-212'>\n\t\t\t\tThe wooden bed has old fruit crates under it\n\t\t\t\t<\/figcaption><\/figure><figure class='gallery-item'>\n\t\t\t<div class='gallery-icon portrait'>\n\t\t\t\t<a href='https:\/\/www.casakoudekerke.nl\/wp-content\/uploads\/2015\/11\/5-Through-the-door-you-get-to-the-smaller-room.-e1450009435556.jpg' rel=\"lightbox[79]\"><img loading=\"lazy\" decoding=\"async\" width=\"225\" height=\"300\" src=\"https:\/\/www.casakoudekerke.nl\/wp-content\/uploads\/2015\/11\/5-Through-the-door-you-get-to-the-smaller-room.-225x300.jpg\" class=\"attachment-medium size-medium\" alt=\"Bed &amp; Breakfast Casa Koudekerke Zeeland\" aria-describedby=\"gallery-3-24\" srcset=\"https:\/\/www.casakoudekerke.nl\/wp-content\/uploads\/2015\/11\/5-Through-the-door-you-get-to-the-smaller-room.-225x300.jpg 225w, https:\/\/www.casakoudekerke.nl\/wp-content\/uploads\/2015\/11\/5-Through-the-door-you-get-to-the-smaller-room.-768x1024.jpg 768w, https:\/\/www.casakoudekerke.nl\/wp-content\/uploads\/2015\/11\/5-Through-the-door-you-get-to-the-smaller-room.-e1450009435556.jpg 600w\" sizes=\"auto, (max-width: 225px) 100vw, 225px\" \/><\/a>\n\t\t\t<\/div>\n\t\t\t\t<figcaption class='wp-caption-text gallery-caption' id='gallery-3-24'>\n\t\t\t\tThe Zeeland Room has two parts, separated by a door. \n\t\t\t\t<\/figcaption><\/figure><figure class='gallery-item'>\n\t\t\t<div class='gallery-icon landscape'>\n\t\t\t\t<a href='https:\/\/www.casakoudekerke.nl\/wp-content\/uploads\/2015\/11\/IMG_3726-e1450009499641.jpg' rel=\"lightbox[79]\"><img loading=\"lazy\" decoding=\"async\" width=\"300\" height=\"225\" src=\"https:\/\/www.casakoudekerke.nl\/wp-content\/uploads\/2015\/11\/IMG_3726-300x225.jpg\" class=\"attachment-medium size-medium\" alt=\"\" aria-describedby=\"gallery-3-11\" srcset=\"https:\/\/www.casakoudekerke.nl\/wp-content\/uploads\/2015\/11\/IMG_3726-300x225.jpg 300w, https:\/\/www.casakoudekerke.nl\/wp-content\/uploads\/2015\/11\/IMG_3726-1024x768.jpg 1024w, https:\/\/www.casakoudekerke.nl\/wp-content\/uploads\/2015\/11\/IMG_3726-e1450009499641.jpg 1067w\" sizes=\"auto, (max-width: 300px) 100vw, 300px\" \/><\/a>\n\t\t\t<\/div>\n\t\t\t\t<figcaption class='wp-caption-text gallery-caption' id='gallery-3-11'>\n\t\t\t\tThe sitting area\n\t\t\t\t<\/figcaption><\/figure><figure class='gallery-item'>\n\t\t\t<div class='gallery-icon portrait'>\n\t\t\t\t<a href='https:\/\/www.casakoudekerke.nl\/wp-content\/uploads\/2016\/03\/6-The-smaller-room-with-a-bunkbed.-e1472130523469.jpg' rel=\"lightbox[79]\"><img loading=\"lazy\" decoding=\"async\" width=\"225\" height=\"300\" src=\"https:\/\/www.casakoudekerke.nl\/wp-content\/uploads\/2016\/03\/6-The-smaller-room-with-a-bunkbed.-225x300.jpg\" class=\"attachment-medium size-medium\" alt=\"Bed &amp; Breakfast Casa Koudekerke\" aria-describedby=\"gallery-3-213\" srcset=\"https:\/\/www.casakoudekerke.nl\/wp-content\/uploads\/2016\/03\/6-The-smaller-room-with-a-bunkbed.-225x300.jpg 225w, https:\/\/www.casakoudekerke.nl\/wp-content\/uploads\/2016\/03\/6-The-smaller-room-with-a-bunkbed.-768x1024.jpg 768w, https:\/\/www.casakoudekerke.nl\/wp-content\/uploads\/2016\/03\/6-The-smaller-room-with-a-bunkbed.-e1472130523469.jpg 600w\" sizes=\"auto, (max-width: 225px) 100vw, 225px\" \/><\/a>\n\t\t\t<\/div>\n\t\t\t\t<figcaption class='wp-caption-text gallery-caption' id='gallery-3-213'>\n\t\t\t\tThe smaller part of the Zeeland room, with a bunkbed\n\t\t\t\t<\/figcaption><\/figure><figure class='gallery-item'>\n\t\t\t<div class='gallery-icon portrait'>\n\t\t\t\t<a href='https:\/\/www.casakoudekerke.nl\/wp-content\/uploads\/2015\/11\/7-The-smaller-room-has-a-washbasin.-And-with-the-kettle-you-can-make-your-own-tea-and-coffee.-e1450009509413.jpg' rel=\"lightbox[79]\"><img loading=\"lazy\" decoding=\"async\" width=\"225\" height=\"300\" src=\"https:\/\/www.casakoudekerke.nl\/wp-content\/uploads\/2015\/11\/7-The-smaller-room-has-a-washbasin.-And-with-the-kettle-you-can-make-your-own-tea-and-coffee.-225x300.jpg\" class=\"attachment-medium size-medium\" alt=\"Bed &amp; Breakfast Casa Koudekerke Zeeland\" aria-describedby=\"gallery-3-26\" srcset=\"https:\/\/www.casakoudekerke.nl\/wp-content\/uploads\/2015\/11\/7-The-smaller-room-has-a-washbasin.-And-with-the-kettle-you-can-make-your-own-tea-and-coffee.-225x300.jpg 225w, https:\/\/www.casakoudekerke.nl\/wp-content\/uploads\/2015\/11\/7-The-smaller-room-has-a-washbasin.-And-with-the-kettle-you-can-make-your-own-tea-and-coffee.-768x1024.jpg 768w, https:\/\/www.casakoudekerke.nl\/wp-content\/uploads\/2015\/11\/7-The-smaller-room-has-a-washbasin.-And-with-the-kettle-you-can-make-your-own-tea-and-coffee.-e1450009509413.jpg 600w\" sizes=\"auto, (max-width: 225px) 100vw, 225px\" \/><\/a>\n\t\t\t<\/div>\n\t\t\t\t<figcaption class='wp-caption-text gallery-caption' id='gallery-3-26'>\n\t\t\t\tThe smaller room has a washbasin.\n\t\t\t\t<\/figcaption><\/figure><figure class='gallery-item'>\n\t\t\t<div class='gallery-icon portrait'>\n\t\t\t\t<a href='https:\/\/www.casakoudekerke.nl\/wp-content\/uploads\/2015\/11\/IMG_3288-e1450009464888.jpg' rel=\"lightbox[79]\"><img loading=\"lazy\" decoding=\"async\" width=\"225\" height=\"300\" src=\"https:\/\/www.casakoudekerke.nl\/wp-content\/uploads\/2015\/11\/IMG_3288-225x300.jpg\" class=\"attachment-medium size-medium\" alt=\"\" aria-describedby=\"gallery-3-13\" srcset=\"https:\/\/www.casakoudekerke.nl\/wp-content\/uploads\/2015\/11\/IMG_3288-225x300.jpg 225w, https:\/\/www.casakoudekerke.nl\/wp-content\/uploads\/2015\/11\/IMG_3288-768x1024.jpg 768w, https:\/\/www.casakoudekerke.nl\/wp-content\/uploads\/2015\/11\/IMG_3288-e1450009464888.jpg 600w\" sizes=\"auto, (max-width: 225px) 100vw, 225px\" \/><\/a>\n\t\t\t<\/div>\n\t\t\t\t<figcaption class='wp-caption-text gallery-caption' id='gallery-3-13'>\n\t\t\t\tThe toilet and shower.\n\t\t\t\t<\/figcaption><\/figure>\n\t\t<\/div>\n<\/p>","protected":false},"excerpt":{"rendered":"<p>Das Zeeland Zimmer von Bed &amp; Breakfast Casa Koudekerke ist eingerichtet mit Holzger\u00fcst und Vintage-M\u00f6bel. Das Zimmer besteht aus zwei R\u00e4ume die mit eine T\u00fcr miteinander verbunden sind. Im gr\u00f6\u00dften Zimmer verf\u00fcgt ist ein Doppelbett (1,60 breit) und einen Sitzbereich.<\/p>\n","protected":false},"author":1,"featured_media":24,"parent":0,"menu_order":0,"comment_status":"closed","ping_status":"closed","template":"","meta":{"footnotes":""},"class_list":["post-79","page","type-page","status-publish","has-post-thumbnail","hentry"],"_links":{"self":[{"href":"https:\/\/www.casakoudekerke.nl\/de\/wp-json\/wp\/v2\/pages\/79","targetHints":{"allow":["GET"]}}],"collection":[{"href":"https:\/\/www.casakoudekerke.nl\/de\/wp-json\/wp\/v2\/pages"}],"about":[{"href":"https:\/\/www.casakoudekerke.nl\/de\/wp-json\/wp\/v2\/types\/page"}],"author":[{"embeddable":true,"href":"https:\/\/www.casakoudekerke.nl\/de\/wp-json\/wp\/v2\/users\/1"}],"replies":[{"embeddable":true,"href":"https:\/\/www.casakoudekerke.nl\/de\/wp-json\/wp\/v2\/comments?post=79"}],"version-history":[{"count":22,"href":"https:\/\/www.casakoudekerke.nl\/de\/wp-json\/wp\/v2\/pages\/79\/revisions"}],"predecessor-version":[{"id":433,"href":"https:\/\/www.casakoudekerke.nl\/de\/wp-json\/wp\/v2\/pages\/79\/revisions\/433"}],"wp:featuredmedia":[{"embeddable":true,"href":"https:\/\/www.casakoudekerke.nl\/de\/wp-json\/wp\/v2\/media\/24"}],"wp:attachment":[{"href":"https:\/\/www.casakoudekerke.nl\/de\/wp-json\/wp\/v2\/media?parent=79"}],"curies":[{"name":"wp","href":"https:\/\/api.w.org\/{rel}","templated":true}]}}