{"id":91,"date":"2015-12-07T22:13:52","date_gmt":"2015-12-07T22:13:52","guid":{"rendered":"http:\/\/www.casakoudekerke.nl\/?page_id=91"},"modified":"2019-01-30T21:36:56","modified_gmt":"2019-01-30T21:36:56","slug":"omgeving","status":"publish","type":"page","link":"https:\/\/www.casakoudekerke.nl\/de\/omgeving\/","title":{"rendered":"Umgebung"},"content":{"rendered":"<p><\/p>\n<div data-reactid=\".2bpg12ntrls.0.0.0.0.1.c.1.1.0.0:$3\">\n<div data-reactid=\".2bpg12ntrls.0.0.0.0.1.c.1.1.0.0:$3.1\">\n<p><span style=\"font-weight: 400;\">Unser Bed &amp; Breakfast ist nur einen Steinwurf vom Dorfplatz in Koudekerke, in Zeeland. Das Dorf ist ideal gelegen zwischen Middelburg (3 Kilometer) , Vlissingen (3 km) und den Strand (2 km). Innerhalb von wenigen Minuten sind Sie direkt in der Polder und k\u00f6nnne Sie schon die D\u00fcnen sehen!<\/span><\/p>\n<\/div>\n<\/div>\n<div data-reactid=\".2bpg12ntrls.0.0.0.0.1.c.1.1.0.0:$4.1\">\n<p id=\"tw-target-text\" class=\"tw-data-text vk_txt tw-ta tw-text-small\" dir=\"ltr\" data-placeholder=\"Vertaling\"><strong><span lang=\"de\">Radfahren und Wandern <\/span><\/strong><\/p>\n<p class=\"tw-data-text vk_txt tw-ta tw-text-small\" dir=\"ltr\" data-placeholder=\"Vertaling\"><span lang=\"de\">Walcheren ist ideal mit dem Fahrrad zu erkunden. Sie k\u00f6nnen von der Polder, D\u00fcnen und Strand genie\u00dfen. Casa Koudekerke liegt in der N\u00e4he des Fahrradwegenetz. Wir haben in unserem B&amp;B -verschiedene Karten, so dass Sie Ihre eigene Route planen k\u00f6nnen. <\/span><span lang=\"de\">Sie k\u00f6nnen von Casa Koudekerke ab in gut 20 Minuten nach die D\u00fcnen wanderen. Am Strand k\u00f6nnen Sie sch\u00f6ne Spaziergange in Richtung Zoutelande und Vlissingen machen.<\/span><\/p>\n<p id=\"tw-target-text\" class=\"tw-data-text vk_txt tw-ta tw-text-small\" dir=\"ltr\" data-placeholder=\"Vertaling\"><strong><span lang=\"de\">Sightseeing<\/span><\/strong><\/p>\n<p class=\"tw-data-text vk_txt tw-ta tw-text-small\" dir=\"ltr\" data-placeholder=\"Vertaling\"><span lang=\"de\">Das historische Zentrum von Middelburg ist einen Besuch wert. Schlendern Sie durch enge Gassen, besuchen Sie die mittelalterliche Abtei oder machen Sie eine Rundfahrt auf den Kan\u00e4len. Am Donnerstag gibt es den Markt und im Sommer gibt es regelm\u00e4\u00dfig Tr\u00f6delm\u00e4rkte in der Stadt. Der Boulevard von Vlissingen und das Zentrum von Middelburg sind weniger als 10 Autominuten entfernt. Etwas weiter finden Sie lebendige D\u00f6rfer wie Domburg, Zoutelande und Veere.<\/span><\/p>\n<\/div>\n<p data-reactid=\".2bpg12ntrls.0.0.0.0.1.c.1.1.0.0:$4.1\">\n<p><\/p>","protected":false},"excerpt":{"rendered":"<p>Unser Bed &amp; Breakfast ist nur einen Steinwurf vom Dorfplatz in Koudekerke, in Zeeland. Das Dorf ist ideal gelegen zwischen Middelburg (3 Kilometer) , Vlissingen (3 km) und den Strand (2 km). Innerhalb von wenigen Minuten sind Sie direkt in<\/p>\n","protected":false},"author":1,"featured_media":0,"parent":0,"menu_order":0,"comment_status":"closed","ping_status":"closed","template":"","meta":{"footnotes":""},"class_list":["post-91","page","type-page","status-publish","hentry"],"_links":{"self":[{"href":"https:\/\/www.casakoudekerke.nl\/de\/wp-json\/wp\/v2\/pages\/91","targetHints":{"allow":["GET"]}}],"collection":[{"href":"https:\/\/www.casakoudekerke.nl\/de\/wp-json\/wp\/v2\/pages"}],"about":[{"href":"https:\/\/www.casakoudekerke.nl\/de\/wp-json\/wp\/v2\/types\/page"}],"author":[{"embeddable":true,"href":"https:\/\/www.casakoudekerke.nl\/de\/wp-json\/wp\/v2\/users\/1"}],"replies":[{"embeddable":true,"href":"https:\/\/www.casakoudekerke.nl\/de\/wp-json\/wp\/v2\/comments?post=91"}],"version-history":[{"count":15,"href":"https:\/\/www.casakoudekerke.nl\/de\/wp-json\/wp\/v2\/pages\/91\/revisions"}],"predecessor-version":[{"id":442,"href":"https:\/\/www.casakoudekerke.nl\/de\/wp-json\/wp\/v2\/pages\/91\/revisions\/442"}],"wp:attachment":[{"href":"https:\/\/www.casakoudekerke.nl\/de\/wp-json\/wp\/v2\/media?parent=91"}],"curies":[{"name":"wp","href":"https:\/\/api.w.org\/{rel}","templated":true}]}}